{"id":1822,"date":"2020-08-31T17:36:25","date_gmt":"2020-08-31T17:36:25","guid":{"rendered":"https:\/\/workandstudy.al\/?page_id=1822"},"modified":"2021-06-18T17:50:40","modified_gmt":"2021-06-18T15:50:40","slug":"jobs-in-albania","status":"publish","type":"page","link":"https:\/\/workandstudy.al\/al\/jobs-in-albania\/","title":{"rendered":"Pun\u00eb n\u00eb Shqip\u00ebri"},"content":{"rendered":"<div data-elementor-type=\"wp-page\" data-elementor-id=\"1822\" class=\"elementor elementor-1822\" data-elementor-post-type=\"page\">\n\t\t\t\t\t\t<section class=\"elementor-section elementor-top-section elementor-element elementor-element-8dce386 elementor-section-boxed elementor-section-height-default elementor-section-height-default\" data-id=\"8dce386\" data-element_type=\"section\">\n\t\t\t\t\t\t<div class=\"elementor-container elementor-column-gap-default\">\n\t\t\t\t\t<div class=\"elementor-column elementor-col-100 elementor-top-column elementor-element elementor-element-459ab3b\" data-id=\"459ab3b\" data-element_type=\"column\">\n\t\t\t<div class=\"elementor-widget-wrap elementor-element-populated\">\n\t\t\t\t\t\t<div class=\"elementor-element elementor-element-dfcf6c2 elementor-widget elementor-widget-heading\" data-id=\"dfcf6c2\" data-element_type=\"widget\" data-widget_type=\"heading.default\">\n\t\t\t\t\t<h2 class=\"elementor-heading-title elementor-size-default\">Pun\u00eb n\u00eb Shqip\u00ebri<\/h2>\t\t\t\t<\/div>\n\t\t\t\t\t<\/div>\n\t\t<\/div>\n\t\t\t\t\t<\/div>\n\t\t<\/section>\n\t\t\t\t<section class=\"elementor-section elementor-top-section elementor-element elementor-element-c8e88d7 elementor-section-boxed elementor-section-height-default elementor-section-height-default\" data-id=\"c8e88d7\" data-element_type=\"section\">\n\t\t\t\t\t\t<div class=\"elementor-container elementor-column-gap-default\">\n\t\t\t\t\t<div class=\"elementor-column elementor-col-100 elementor-top-column elementor-element elementor-element-f00d95b\" data-id=\"f00d95b\" data-element_type=\"column\">\n\t\t\t<div class=\"elementor-widget-wrap elementor-element-populated\">\n\t\t\t\t\t\t<div class=\"elementor-element elementor-element-c90af89 elementor-grid-eael-col-3 elementor-grid-tablet-eael-col-2 elementor-grid-mobile-eael-col-1 elementor-widget elementor-widget-eael-post-grid\" data-id=\"c90af89\" data-element_type=\"widget\" data-settings=\"{&quot;eael_post_grid_columns&quot;:&quot;eael-col-3&quot;,&quot;eael_post_grid_columns_tablet&quot;:&quot;eael-col-2&quot;,&quot;eael_post_grid_columns_mobile&quot;:&quot;eael-col-1&quot;}\" data-widget_type=\"eael-post-grid.default\">\n\t\t\t\t\t<div id=\"eael-post-grid-c90af89\" class=\"eael-post-grid-container\">\n            <div class=\"eael-post-grid eael-post-appender eael-post-appender-c90af89 eael-post-grid-style-two\" data-layout-mode=\"masonry\"><article class=\"eael-grid-post eael-post-grid-column\" data-id=\"4730\">\n    <div class=\"eael-grid-post-holder\">\n        <div class=\"eael-grid-post-holder-inner\"><div class=\"eael-entry-media\"><div class=\"eael-entry-overlay fade-in\"><i class=\"fas fa-long-arrow-alt-right\" aria-hidden=\"true\"><\/i><a href=\"https:\/\/workandstudy.al\/al\/new-job-vacancy-as-an-incoming-tourism-agent\/\"><\/a><\/div><div class=\"eael-entry-thumbnail\">\n                            <img fetchpriority=\"high\" decoding=\"async\" width=\"300\" height=\"300\" src=\"https:\/\/workandstudy.al\/wp-content\/uploads\/2021\/08\/caption.jpg\" class=\"attachment-medium size-medium wp-image-4733\" alt=\"\" srcset=\"https:\/\/workandstudy.al\/wp-content\/uploads\/2021\/08\/caption.jpg 300w, https:\/\/workandstudy.al\/wp-content\/uploads\/2021\/08\/caption-150x150.jpg 150w\" sizes=\"(max-width: 300px) 100vw, 300px\" \/>\n                            <\/div>\n                    <\/div><div class=\"eael-entry-wrapper\"><header class=\"eael-entry-header\"><h5 class=\"eael-entry-title\"><a class=\"eael-grid-post-link\" href=\"https:\/\/workandstudy.al\/al\/new-job-vacancy-as-an-incoming-tourism-agent\/\" title=\"NEW JOB VACANCY AS AN INCOMING TOURISM AGENT\">NEW JOB VACANCY AS AN INCOMING TOURISM AGENT<\/a><\/h5><\/header><div class=\"eael-entry-content\">\n                                <div class=\"eael-grid-post-excerpt\"><p>Job brief We are looking for an experienced incoming tourist...<\/p><a href=\"https:\/\/workandstudy.al\/al\/new-job-vacancy-as-an-incoming-tourism-agent\/\" class=\"eael-post-elements-readmore-btn\">Read More<\/a><\/div>\n                            <\/div><\/div><\/div>\n    <\/div>\n<\/article><\/div>\n            <div class=\"clearfix\"><\/div>\n        <\/div>\t\t\t\t<\/div>\n\t\t\t\t\t<\/div>\n\t\t<\/div>\n\t\t\t\t\t<\/div>\n\t\t<\/section>\n\t\t\t\t<\/div>","protected":false},"excerpt":{"rendered":"<p>Jobs in Albania g Read More October 12, 2020<\/p>","protected":false},"author":1,"featured_media":0,"parent":0,"menu_order":0,"comment_status":"closed","ping_status":"closed","template":"","meta":{"site-sidebar-layout":"no-sidebar","site-content-layout":"page-builder","ast-site-content-layout":"","site-content-style":"default","site-sidebar-style":"default","ast-global-header-display":"","ast-banner-title-visibility":"","ast-main-header-display":"","ast-hfb-above-header-display":"","ast-hfb-below-header-display":"","ast-hfb-mobile-header-display":"","site-post-title":"disabled","ast-breadcrumbs-content":"","ast-featured-img":"disabled","footer-sml-layout":"","theme-transparent-header-meta":"default","adv-header-id-meta":"","stick-header-meta":"","header-above-stick-meta":"","header-main-stick-meta":"","header-below-stick-meta":"","astra-migrate-meta-layouts":"default","ast-page-background-enabled":"default","ast-page-background-meta":{"desktop":{"background-color":"var(--ast-global-color-4)","background-image":"","background-repeat":"repeat","background-position":"center center","background-size":"auto","background-attachment":"scroll","background-type":"","background-media":"","overlay-type":"","overlay-color":"","overlay-opacity":"","overlay-gradient":""},"tablet":{"background-color":"","background-image":"","background-repeat":"repeat","background-position":"center center","background-size":"auto","background-attachment":"scroll","background-type":"","background-media":"","overlay-type":"","overlay-color":"","overlay-opacity":"","overlay-gradient":""},"mobile":{"background-color":"","background-image":"","background-repeat":"repeat","background-position":"center center","background-size":"auto","background-attachment":"scroll","background-type":"","background-media":"","overlay-type":"","overlay-color":"","overlay-opacity":"","overlay-gradient":""}},"ast-content-background-meta":{"desktop":{"background-color":"var(--ast-global-color-5)","background-image":"","background-repeat":"repeat","background-position":"center center","background-size":"auto","background-attachment":"scroll","background-type":"","background-media":"","overlay-type":"","overlay-color":"","overlay-opacity":"","overlay-gradient":""},"tablet":{"background-color":"var(--ast-global-color-5)","background-image":"","background-repeat":"repeat","background-position":"center center","background-size":"auto","background-attachment":"scroll","background-type":"","background-media":"","overlay-type":"","overlay-color":"","overlay-opacity":"","overlay-gradient":""},"mobile":{"background-color":"var(--ast-global-color-5)","background-image":"","background-repeat":"repeat","background-position":"center center","background-size":"auto","background-attachment":"scroll","background-type":"","background-media":"","overlay-type":"","overlay-color":"","overlay-opacity":"","overlay-gradient":""}},"_joinchat":[],"footnotes":""},"class_list":["post-1822","page","type-page","status-publish","hentry"],"aioseo_notices":[],"yoast_head":"<!-- This site is optimized with the Yoast SEO plugin v24.6 - https:\/\/yoast.com\/wordpress\/plugins\/seo\/ -->\n<title>Gjeni agjencite me te mira te punesimit ne Shqiperi | Puno dhe studio<\/title>\n<meta name=\"description\" content=\"Po kerkoni per agjenci punesimi ne Shqiperi. re you looking for work agency jobs in Albania. Atehere Work and Study eshte vendi me i mire per ju. Ata ju ndihmojne ne gjithe menyrat e mundshme. Kontaktoni ne+355699771397\" \/>\n<meta name=\"robots\" content=\"index, follow, max-snippet:-1, max-image-preview:large, max-video-preview:-1\" \/>\n<link rel=\"canonical\" href=\"https:\/\/workandstudy.al\/al\/jobs-in-albania\/\" \/>\n<meta property=\"og:locale\" content=\"sq_AL\" \/>\n<meta property=\"og:type\" content=\"article\" \/>\n<meta property=\"og:title\" content=\"Gjeni agjencite me te mira te punesimit ne Shqiperi | Puno dhe studio\" \/>\n<meta property=\"og:description\" content=\"Po kerkoni per agjenci punesimi ne Shqiperi. re you looking for work agency jobs in Albania. Atehere Work and Study eshte vendi me i mire per ju. Ata ju ndihmojne ne gjithe menyrat e mundshme. Kontaktoni ne+355699771397\" \/>\n<meta property=\"og:url\" content=\"https:\/\/workandstudy.al\/al\/jobs-in-albania\/\" \/>\n<meta property=\"og:site_name\" content=\"Work and Study - Part of Tik Agency Group\" \/>\n<meta property=\"article:modified_time\" content=\"2021-06-18T15:50:40+00:00\" \/>\n<meta name=\"twitter:card\" content=\"summary_large_image\" \/>\n<script type=\"application\/ld+json\" class=\"yoast-schema-graph\">{\"@context\":\"https:\/\/schema.org\",\"@graph\":[{\"@type\":\"WebPage\",\"@id\":\"https:\/\/workandstudy.al\/jobs-in-albania\/\",\"url\":\"https:\/\/workandstudy.al\/jobs-in-albania\/\",\"name\":\"Gjeni agjencite me te mira te punesimit ne Shqiperi | Puno dhe studio\",\"isPartOf\":{\"@id\":\"https:\/\/workandstudy.al\/#website\"},\"datePublished\":\"2020-08-31T17:36:25+00:00\",\"dateModified\":\"2021-06-18T15:50:40+00:00\",\"description\":\"Po kerkoni per agjenci punesimi ne Shqiperi. re you looking for work agency jobs in Albania. Atehere Work and Study eshte vendi me i mire per ju. Ata ju ndihmojne ne gjithe menyrat e mundshme. Kontaktoni ne+355699771397\",\"breadcrumb\":{\"@id\":\"https:\/\/workandstudy.al\/jobs-in-albania\/#breadcrumb\"},\"inLanguage\":\"sq\",\"potentialAction\":[{\"@type\":\"ReadAction\",\"target\":[\"https:\/\/workandstudy.al\/jobs-in-albania\/\"]}]},{\"@type\":\"BreadcrumbList\",\"@id\":\"https:\/\/workandstudy.al\/jobs-in-albania\/#breadcrumb\",\"itemListElement\":[{\"@type\":\"ListItem\",\"position\":1,\"name\":\"Home\",\"item\":\"https:\/\/workandstudy.al\/\"},{\"@type\":\"ListItem\",\"position\":2,\"name\":\"Jobs in Albania\"}]},{\"@type\":\"WebSite\",\"@id\":\"https:\/\/workandstudy.al\/#website\",\"url\":\"https:\/\/workandstudy.al\/\",\"name\":\"Work and Study - Part of Tik Agency Group\",\"description\":\"\",\"publisher\":{\"@id\":\"https:\/\/workandstudy.al\/#organization\"},\"potentialAction\":[{\"@type\":\"SearchAction\",\"target\":{\"@type\":\"EntryPoint\",\"urlTemplate\":\"https:\/\/workandstudy.al\/?s={search_term_string}\"},\"query-input\":{\"@type\":\"PropertyValueSpecification\",\"valueRequired\":true,\"valueName\":\"search_term_string\"}}],\"inLanguage\":\"sq\"},{\"@type\":\"Organization\",\"@id\":\"https:\/\/workandstudy.al\/#organization\",\"name\":\"Work and Study - Part of Tik Agency Group\",\"url\":\"https:\/\/workandstudy.al\/\",\"logo\":{\"@type\":\"ImageObject\",\"inLanguage\":\"sq\",\"@id\":\"https:\/\/workandstudy.al\/#\/schema\/logo\/image\/\",\"url\":\"https:\/\/workandstudy.al\/wp-content\/uploads\/2025\/03\/logo1.png\",\"contentUrl\":\"https:\/\/workandstudy.al\/wp-content\/uploads\/2025\/03\/logo1.png\",\"width\":420,\"height\":420,\"caption\":\"Work and Study - Part of Tik Agency Group\"},\"image\":{\"@id\":\"https:\/\/workandstudy.al\/#\/schema\/logo\/image\/\"}}]}<\/script>\n<!-- \/ Yoast SEO plugin. -->","yoast_head_json":{"title":"Gjeni agjencite me te mira te punesimit ne Shqiperi | Puno dhe studio","description":"Po kerkoni per agjenci punesimi ne Shqiperi. re you looking for work agency jobs in Albania. Atehere Work and Study eshte vendi me i mire per ju. Ata ju ndihmojne ne gjithe menyrat e mundshme. Kontaktoni ne+355699771397","robots":{"index":"index","follow":"follow","max-snippet":"max-snippet:-1","max-image-preview":"max-image-preview:large","max-video-preview":"max-video-preview:-1"},"canonical":"https:\/\/workandstudy.al\/al\/jobs-in-albania\/","og_locale":"sq_AL","og_type":"article","og_title":"Gjeni agjencite me te mira te punesimit ne Shqiperi | Puno dhe studio","og_description":"Po kerkoni per agjenci punesimi ne Shqiperi. re you looking for work agency jobs in Albania. Atehere Work and Study eshte vendi me i mire per ju. Ata ju ndihmojne ne gjithe menyrat e mundshme. Kontaktoni ne+355699771397","og_url":"https:\/\/workandstudy.al\/al\/jobs-in-albania\/","og_site_name":"Work and Study - Part of Tik Agency Group","article_modified_time":"2021-06-18T15:50:40+00:00","twitter_card":"summary_large_image","schema":{"@context":"https:\/\/schema.org","@graph":[{"@type":"WebPage","@id":"https:\/\/workandstudy.al\/jobs-in-albania\/","url":"https:\/\/workandstudy.al\/jobs-in-albania\/","name":"Gjeni agjencite me te mira te punesimit ne Shqiperi | Puno dhe studio","isPartOf":{"@id":"https:\/\/workandstudy.al\/#website"},"datePublished":"2020-08-31T17:36:25+00:00","dateModified":"2021-06-18T15:50:40+00:00","description":"Po kerkoni per agjenci punesimi ne Shqiperi. re you looking for work agency jobs in Albania. Atehere Work and Study eshte vendi me i mire per ju. Ata ju ndihmojne ne gjithe menyrat e mundshme. Kontaktoni ne+355699771397","breadcrumb":{"@id":"https:\/\/workandstudy.al\/jobs-in-albania\/#breadcrumb"},"inLanguage":"sq","potentialAction":[{"@type":"ReadAction","target":["https:\/\/workandstudy.al\/jobs-in-albania\/"]}]},{"@type":"BreadcrumbList","@id":"https:\/\/workandstudy.al\/jobs-in-albania\/#breadcrumb","itemListElement":[{"@type":"ListItem","position":1,"name":"Home","item":"https:\/\/workandstudy.al\/"},{"@type":"ListItem","position":2,"name":"Jobs in Albania"}]},{"@type":"WebSite","@id":"https:\/\/workandstudy.al\/#website","url":"https:\/\/workandstudy.al\/","name":"Work and Study - Part of Tik Agency Group","description":"","publisher":{"@id":"https:\/\/workandstudy.al\/#organization"},"potentialAction":[{"@type":"SearchAction","target":{"@type":"EntryPoint","urlTemplate":"https:\/\/workandstudy.al\/?s={search_term_string}"},"query-input":{"@type":"PropertyValueSpecification","valueRequired":true,"valueName":"search_term_string"}}],"inLanguage":"sq"},{"@type":"Organization","@id":"https:\/\/workandstudy.al\/#organization","name":"Work and Study - Part of Tik Agency Group","url":"https:\/\/workandstudy.al\/","logo":{"@type":"ImageObject","inLanguage":"sq","@id":"https:\/\/workandstudy.al\/#\/schema\/logo\/image\/","url":"https:\/\/workandstudy.al\/wp-content\/uploads\/2025\/03\/logo1.png","contentUrl":"https:\/\/workandstudy.al\/wp-content\/uploads\/2025\/03\/logo1.png","width":420,"height":420,"caption":"Work and Study - Part of Tik Agency Group"},"image":{"@id":"https:\/\/workandstudy.al\/#\/schema\/logo\/image\/"}}]}},"_links":{"self":[{"href":"https:\/\/workandstudy.al\/al\/wp-json\/wp\/v2\/pages\/1822","targetHints":{"allow":["GET"]}}],"collection":[{"href":"https:\/\/workandstudy.al\/al\/wp-json\/wp\/v2\/pages"}],"about":[{"href":"https:\/\/workandstudy.al\/al\/wp-json\/wp\/v2\/types\/page"}],"author":[{"embeddable":true,"href":"https:\/\/workandstudy.al\/al\/wp-json\/wp\/v2\/users\/1"}],"replies":[{"embeddable":true,"href":"https:\/\/workandstudy.al\/al\/wp-json\/wp\/v2\/comments?post=1822"}],"version-history":[{"count":32,"href":"https:\/\/workandstudy.al\/al\/wp-json\/wp\/v2\/pages\/1822\/revisions"}],"predecessor-version":[{"id":4657,"href":"https:\/\/workandstudy.al\/al\/wp-json\/wp\/v2\/pages\/1822\/revisions\/4657"}],"wp:attachment":[{"href":"https:\/\/workandstudy.al\/al\/wp-json\/wp\/v2\/media?parent=1822"}],"curies":[{"name":"wp","href":"https:\/\/api.w.org\/{rel}","templated":true}]}}