{"id":1831,"date":"2020-08-31T17:38:50","date_gmt":"2020-08-31T17:38:50","guid":{"rendered":"https:\/\/workandstudy.al\/?page_id=1831"},"modified":"2023-11-01T09:38:14","modified_gmt":"2023-11-01T08:38:14","slug":"consultancy","status":"publish","type":"page","link":"https:\/\/workandstudy.al\/al\/consultancy\/","title":{"rendered":"Konsulenc\u00eb"},"content":{"rendered":"<div data-elementor-type=\"wp-page\" data-elementor-id=\"1831\" class=\"elementor elementor-1831\" data-elementor-post-type=\"page\">\n\t\t\t\t\t\t<section class=\"elementor-section elementor-top-section elementor-element elementor-element-a7fdf65 elementor-section-boxed elementor-section-height-default elementor-section-height-default\" data-id=\"a7fdf65\" data-element_type=\"section\">\n\t\t\t\t\t\t<div class=\"elementor-container elementor-column-gap-default\">\n\t\t\t\t\t<div class=\"elementor-column elementor-col-100 elementor-top-column elementor-element elementor-element-01c0989\" data-id=\"01c0989\" data-element_type=\"column\">\n\t\t\t<div class=\"elementor-widget-wrap\">\n\t\t\t\t\t\t\t<\/div>\n\t\t<\/div>\n\t\t\t\t\t<\/div>\n\t\t<\/section>\n\t\t\t\t<section class=\"elementor-section elementor-top-section elementor-element elementor-element-e1f0950 elementor-section-boxed elementor-section-height-default elementor-section-height-default\" data-id=\"e1f0950\" data-element_type=\"section\">\n\t\t\t\t\t\t<div class=\"elementor-container elementor-column-gap-default\">\n\t\t\t\t\t<div class=\"elementor-column elementor-col-50 elementor-top-column elementor-element elementor-element-759e013\" data-id=\"759e013\" data-element_type=\"column\">\n\t\t\t<div class=\"elementor-widget-wrap elementor-element-populated\">\n\t\t\t\t\t\t<div class=\"elementor-element elementor-element-adf1601 elementor-widget elementor-widget-heading\" data-id=\"adf1601\" data-element_type=\"widget\" data-widget_type=\"heading.default\">\n\t\t\t\t\t<h2 class=\"elementor-heading-title elementor-size-default\">Konsulence<\/h2>\t\t\t\t<\/div>\n\t\t\t\t<div class=\"elementor-element elementor-element-84b6262 elementor-widget elementor-widget-text-editor\" data-id=\"84b6262\" data-element_type=\"widget\" data-widget_type=\"text-editor.default\">\n\t\t\t\t\t\t\t\t\t<p>&#8220;Work and Study&#8221; ofron kosulenc\u00eb t\u00eb specializuar n\u00eb emigracion, aplikimet per viza t\u00eb kategorive t\u00eb ndryshme n\u00eb vende t\u00eb ndryshme, k\u00ebshillim karriere si dhe konsulenc\u00eb p\u00ebr bizneset e reja \u201cBusiness Start Up\u201d si element kyc n\u00eb suksesin e nj\u00eb biznesi t\u00eb ri. Ne ofrojme eksperienc\u00ebn si dhe profesionalizmin ton\u00eb p\u00ebr tju ndihmuar n\u00eb vendime tep\u00ebr delikate t\u00eb jet\u00ebs tuaj.<br \/>Ju p\u00ebrfitoni konsulenc\u00eb juridike dhe emigracioni p\u00ebr t\u00eb leht\u00ebsuar dhe p\u00ebr t\u00eb pasur nj\u00eb aplikim p\u00ebr viz\u00eb sa m\u00eb t\u00eb sigurt. P\u00ebrfitoni nj\u00eb analiz\u00eb t\u00eb mirfillt\u00eb t\u00eb tregut dhe situat\u00ebs tuaj p\u00ebr hapjen e nj\u00eb biznesi t\u00eb ri. Merrni frytet e k\u00ebshillimit te karrier\u00ebs me ekspert t\u00eb fush\u00ebs t\u00eb specializuar n\u00eb Institucionet m\u00eb me z\u00eb t\u00eb bot\u00ebs n\u00eb industrin\u00eb e Burimeve Njer\u00ebzore duke Ju b\u00ebr\u00eb Juve nj\u00eb kandidat potencial dhe t\u00eb suksessh\u00ebm n\u00eb aplikimin tuaj p\u00ebr pozicione t\u00eb ndryshme pune.<\/p>\t\t\t\t\t\t\t\t<\/div>\n\t\t\t\t\t<\/div>\n\t\t<\/div>\n\t\t\t\t<div class=\"elementor-column elementor-col-50 elementor-top-column elementor-element elementor-element-ea56520\" data-id=\"ea56520\" data-element_type=\"column\">\n\t\t\t<div class=\"elementor-widget-wrap elementor-element-populated\">\n\t\t\t\t\t\t<div class=\"elementor-element elementor-element-581506a elementor-widget elementor-widget-spacer\" data-id=\"581506a\" data-element_type=\"widget\" data-widget_type=\"spacer.default\">\n\t\t\t\t\t\t\t<div class=\"elementor-spacer\">\n\t\t\t<div class=\"elementor-spacer-inner\"><\/div>\n\t\t<\/div>\n\t\t\t\t\t\t<\/div>\n\t\t\t\t<div class=\"elementor-element elementor-element-00b61fd elementor-widget elementor-widget-image\" data-id=\"00b61fd\" data-element_type=\"widget\" data-widget_type=\"image.default\">\n\t\t\t\t\t\t\t\t\t\t\t\t\t\t\t<img fetchpriority=\"high\" decoding=\"async\" width=\"2560\" height=\"1707\" src=\"https:\/\/workandstudy.al\/wp-content\/uploads\/2023\/11\/stylish-elegant-couple-car-salon-scaled.jpg\" class=\"attachment-full size-full wp-image-5813\" alt=\"\" srcset=\"https:\/\/workandstudy.al\/wp-content\/uploads\/2023\/11\/stylish-elegant-couple-car-salon-scaled.jpg 2560w, https:\/\/workandstudy.al\/wp-content\/uploads\/2023\/11\/stylish-elegant-couple-car-salon-300x200.jpg 300w, https:\/\/workandstudy.al\/wp-content\/uploads\/2023\/11\/stylish-elegant-couple-car-salon-1024x683.jpg 1024w, https:\/\/workandstudy.al\/wp-content\/uploads\/2023\/11\/stylish-elegant-couple-car-salon-768x512.jpg 768w, https:\/\/workandstudy.al\/wp-content\/uploads\/2023\/11\/stylish-elegant-couple-car-salon-1536x1024.jpg 1536w, https:\/\/workandstudy.al\/wp-content\/uploads\/2023\/11\/stylish-elegant-couple-car-salon-2048x1365.jpg 2048w\" sizes=\"(max-width: 2560px) 100vw, 2560px\" \/>\t\t\t\t\t\t\t\t\t\t\t\t\t\t\t<\/div>\n\t\t\t\t\t<\/div>\n\t\t<\/div>\n\t\t\t\t\t<\/div>\n\t\t<\/section>\n\t\t\t\t<\/div>","protected":false},"excerpt":{"rendered":"<p>Konsulence &#8220;Work and Study&#8221; ofron kosulenc\u00eb t\u00eb specializuar n\u00eb emigracion, aplikimet per viza t\u00eb kategorive t\u00eb ndryshme n\u00eb vende t\u00eb ndryshme, k\u00ebshillim karriere si dhe konsulenc\u00eb p\u00ebr bizneset e reja \u201cBusiness Start Up\u201d si element kyc n\u00eb suksesin e nj\u00eb biznesi t\u00eb ri. Ne ofrojme eksperienc\u00ebn si dhe profesionalizmin ton\u00eb p\u00ebr tju ndihmuar n\u00eb vendime [&hellip;]<\/p>","protected":false},"author":1,"featured_media":0,"parent":0,"menu_order":0,"comment_status":"closed","ping_status":"closed","template":"","meta":{"site-sidebar-layout":"no-sidebar","site-content-layout":"page-builder","ast-site-content-layout":"","site-content-style":"default","site-sidebar-style":"default","ast-global-header-display":"","ast-banner-title-visibility":"","ast-main-header-display":"","ast-hfb-above-header-display":"","ast-hfb-below-header-display":"","ast-hfb-mobile-header-display":"","site-post-title":"disabled","ast-breadcrumbs-content":"","ast-featured-img":"disabled","footer-sml-layout":"","theme-transparent-header-meta":"default","adv-header-id-meta":"","stick-header-meta":"","header-above-stick-meta":"","header-main-stick-meta":"","header-below-stick-meta":"","astra-migrate-meta-layouts":"default","ast-page-background-enabled":"default","ast-page-background-meta":{"desktop":{"background-color":"var(--ast-global-color-4)","background-image":"","background-repeat":"repeat","background-position":"center center","background-size":"auto","background-attachment":"scroll","background-type":"","background-media":"","overlay-type":"","overlay-color":"","overlay-opacity":"","overlay-gradient":""},"tablet":{"background-color":"","background-image":"","background-repeat":"repeat","background-position":"center center","background-size":"auto","background-attachment":"scroll","background-type":"","background-media":"","overlay-type":"","overlay-color":"","overlay-opacity":"","overlay-gradient":""},"mobile":{"background-color":"","background-image":"","background-repeat":"repeat","background-position":"center center","background-size":"auto","background-attachment":"scroll","background-type":"","background-media":"","overlay-type":"","overlay-color":"","overlay-opacity":"","overlay-gradient":""}},"ast-content-background-meta":{"desktop":{"background-color":"var(--ast-global-color-5)","background-image":"","background-repeat":"repeat","background-position":"center center","background-size":"auto","background-attachment":"scroll","background-type":"","background-media":"","overlay-type":"","overlay-color":"","overlay-opacity":"","overlay-gradient":""},"tablet":{"background-color":"var(--ast-global-color-5)","background-image":"","background-repeat":"repeat","background-position":"center center","background-size":"auto","background-attachment":"scroll","background-type":"","background-media":"","overlay-type":"","overlay-color":"","overlay-opacity":"","overlay-gradient":""},"mobile":{"background-color":"var(--ast-global-color-5)","background-image":"","background-repeat":"repeat","background-position":"center center","background-size":"auto","background-attachment":"scroll","background-type":"","background-media":"","overlay-type":"","overlay-color":"","overlay-opacity":"","overlay-gradient":""}},"_joinchat":[],"footnotes":""},"class_list":["post-1831","page","type-page","status-publish","hentry"],"aioseo_notices":[],"yoast_head":"<!-- This site is optimized with the Yoast SEO plugin v24.6 - https:\/\/yoast.com\/wordpress\/plugins\/seo\/ -->\n<title>Consultancy - Work and Study - Part of Tik Agency Group<\/title>\n<meta name=\"robots\" content=\"index, follow, max-snippet:-1, max-image-preview:large, max-video-preview:-1\" \/>\n<link rel=\"canonical\" href=\"https:\/\/workandstudy.al\/al\/consultancy\/\" \/>\n<meta property=\"og:locale\" content=\"sq_AL\" \/>\n<meta property=\"og:type\" content=\"article\" \/>\n<meta property=\"og:title\" content=\"Consultancy - Work and Study - Part of Tik Agency Group\" \/>\n<meta property=\"og:description\" content=\"Konsulence &#8220;Work and Study&#8221; ofron kosulenc\u00eb t\u00eb specializuar n\u00eb emigracion, aplikimet per viza t\u00eb kategorive t\u00eb ndryshme n\u00eb vende t\u00eb ndryshme, k\u00ebshillim karriere si dhe konsulenc\u00eb p\u00ebr bizneset e reja \u201cBusiness Start Up\u201d si element kyc n\u00eb suksesin e nj\u00eb biznesi t\u00eb ri. Ne ofrojme eksperienc\u00ebn si dhe profesionalizmin ton\u00eb p\u00ebr tju ndihmuar n\u00eb vendime [&hellip;]\" \/>\n<meta property=\"og:url\" content=\"https:\/\/workandstudy.al\/al\/consultancy\/\" \/>\n<meta property=\"og:site_name\" content=\"Work and Study - Part of Tik Agency Group\" \/>\n<meta property=\"article:modified_time\" content=\"2023-11-01T08:38:14+00:00\" \/>\n<meta property=\"og:image\" content=\"https:\/\/workandstudy.al\/wp-content\/uploads\/2023\/11\/stylish-elegant-couple-car-salon-scaled.jpg\" \/>\n<meta name=\"twitter:card\" content=\"summary_large_image\" \/>\n<meta name=\"twitter:label1\" content=\"Est. reading time\" \/>\n\t<meta name=\"twitter:data1\" content=\"1 minut\u00eb\" \/>\n<script type=\"application\/ld+json\" class=\"yoast-schema-graph\">{\"@context\":\"https:\/\/schema.org\",\"@graph\":[{\"@type\":\"WebPage\",\"@id\":\"https:\/\/workandstudy.al\/consultancy\/\",\"url\":\"https:\/\/workandstudy.al\/consultancy\/\",\"name\":\"Consultancy - Work and Study - Part of Tik Agency Group\",\"isPartOf\":{\"@id\":\"https:\/\/workandstudy.al\/#website\"},\"primaryImageOfPage\":{\"@id\":\"https:\/\/workandstudy.al\/consultancy\/#primaryimage\"},\"image\":{\"@id\":\"https:\/\/workandstudy.al\/consultancy\/#primaryimage\"},\"thumbnailUrl\":\"https:\/\/workandstudy.al\/wp-content\/uploads\/2023\/11\/stylish-elegant-couple-car-salon-scaled.jpg\",\"datePublished\":\"2020-08-31T17:38:50+00:00\",\"dateModified\":\"2023-11-01T08:38:14+00:00\",\"breadcrumb\":{\"@id\":\"https:\/\/workandstudy.al\/consultancy\/#breadcrumb\"},\"inLanguage\":\"sq\",\"potentialAction\":[{\"@type\":\"ReadAction\",\"target\":[\"https:\/\/workandstudy.al\/consultancy\/\"]}]},{\"@type\":\"ImageObject\",\"inLanguage\":\"sq\",\"@id\":\"https:\/\/workandstudy.al\/consultancy\/#primaryimage\",\"url\":\"https:\/\/workandstudy.al\/wp-content\/uploads\/2023\/11\/stylish-elegant-couple-car-salon-scaled.jpg\",\"contentUrl\":\"https:\/\/workandstudy.al\/wp-content\/uploads\/2023\/11\/stylish-elegant-couple-car-salon-scaled.jpg\"},{\"@type\":\"BreadcrumbList\",\"@id\":\"https:\/\/workandstudy.al\/consultancy\/#breadcrumb\",\"itemListElement\":[{\"@type\":\"ListItem\",\"position\":1,\"name\":\"Home\",\"item\":\"https:\/\/workandstudy.al\/\"},{\"@type\":\"ListItem\",\"position\":2,\"name\":\"Consultancy\"}]},{\"@type\":\"WebSite\",\"@id\":\"https:\/\/workandstudy.al\/#website\",\"url\":\"https:\/\/workandstudy.al\/\",\"name\":\"Work and Study - Part of Tik Agency Group\",\"description\":\"\",\"publisher\":{\"@id\":\"https:\/\/workandstudy.al\/#organization\"},\"potentialAction\":[{\"@type\":\"SearchAction\",\"target\":{\"@type\":\"EntryPoint\",\"urlTemplate\":\"https:\/\/workandstudy.al\/?s={search_term_string}\"},\"query-input\":{\"@type\":\"PropertyValueSpecification\",\"valueRequired\":true,\"valueName\":\"search_term_string\"}}],\"inLanguage\":\"sq\"},{\"@type\":\"Organization\",\"@id\":\"https:\/\/workandstudy.al\/#organization\",\"name\":\"Work and Study - Part of Tik Agency Group\",\"url\":\"https:\/\/workandstudy.al\/\",\"logo\":{\"@type\":\"ImageObject\",\"inLanguage\":\"sq\",\"@id\":\"https:\/\/workandstudy.al\/#\/schema\/logo\/image\/\",\"url\":\"https:\/\/workandstudy.al\/wp-content\/uploads\/2025\/03\/logo1.png\",\"contentUrl\":\"https:\/\/workandstudy.al\/wp-content\/uploads\/2025\/03\/logo1.png\",\"width\":420,\"height\":420,\"caption\":\"Work and Study - Part of Tik Agency Group\"},\"image\":{\"@id\":\"https:\/\/workandstudy.al\/#\/schema\/logo\/image\/\"}}]}<\/script>\n<!-- \/ Yoast SEO plugin. -->","yoast_head_json":{"title":"Consultancy - Work and Study - Part of Tik Agency Group","robots":{"index":"index","follow":"follow","max-snippet":"max-snippet:-1","max-image-preview":"max-image-preview:large","max-video-preview":"max-video-preview:-1"},"canonical":"https:\/\/workandstudy.al\/al\/consultancy\/","og_locale":"sq_AL","og_type":"article","og_title":"Consultancy - Work and Study - Part of Tik Agency Group","og_description":"Konsulence &#8220;Work and Study&#8221; ofron kosulenc\u00eb t\u00eb specializuar n\u00eb emigracion, aplikimet per viza t\u00eb kategorive t\u00eb ndryshme n\u00eb vende t\u00eb ndryshme, k\u00ebshillim karriere si dhe konsulenc\u00eb p\u00ebr bizneset e reja \u201cBusiness Start Up\u201d si element kyc n\u00eb suksesin e nj\u00eb biznesi t\u00eb ri. Ne ofrojme eksperienc\u00ebn si dhe profesionalizmin ton\u00eb p\u00ebr tju ndihmuar n\u00eb vendime [&hellip;]","og_url":"https:\/\/workandstudy.al\/al\/consultancy\/","og_site_name":"Work and Study - Part of Tik Agency Group","article_modified_time":"2023-11-01T08:38:14+00:00","og_image":[{"url":"https:\/\/workandstudy.al\/wp-content\/uploads\/2023\/11\/stylish-elegant-couple-car-salon-scaled.jpg","type":"","width":"","height":""}],"twitter_card":"summary_large_image","twitter_misc":{"Est. reading time":"1 minut\u00eb"},"schema":{"@context":"https:\/\/schema.org","@graph":[{"@type":"WebPage","@id":"https:\/\/workandstudy.al\/consultancy\/","url":"https:\/\/workandstudy.al\/consultancy\/","name":"Consultancy - Work and Study - Part of Tik Agency Group","isPartOf":{"@id":"https:\/\/workandstudy.al\/#website"},"primaryImageOfPage":{"@id":"https:\/\/workandstudy.al\/consultancy\/#primaryimage"},"image":{"@id":"https:\/\/workandstudy.al\/consultancy\/#primaryimage"},"thumbnailUrl":"https:\/\/workandstudy.al\/wp-content\/uploads\/2023\/11\/stylish-elegant-couple-car-salon-scaled.jpg","datePublished":"2020-08-31T17:38:50+00:00","dateModified":"2023-11-01T08:38:14+00:00","breadcrumb":{"@id":"https:\/\/workandstudy.al\/consultancy\/#breadcrumb"},"inLanguage":"sq","potentialAction":[{"@type":"ReadAction","target":["https:\/\/workandstudy.al\/consultancy\/"]}]},{"@type":"ImageObject","inLanguage":"sq","@id":"https:\/\/workandstudy.al\/consultancy\/#primaryimage","url":"https:\/\/workandstudy.al\/wp-content\/uploads\/2023\/11\/stylish-elegant-couple-car-salon-scaled.jpg","contentUrl":"https:\/\/workandstudy.al\/wp-content\/uploads\/2023\/11\/stylish-elegant-couple-car-salon-scaled.jpg"},{"@type":"BreadcrumbList","@id":"https:\/\/workandstudy.al\/consultancy\/#breadcrumb","itemListElement":[{"@type":"ListItem","position":1,"name":"Home","item":"https:\/\/workandstudy.al\/"},{"@type":"ListItem","position":2,"name":"Consultancy"}]},{"@type":"WebSite","@id":"https:\/\/workandstudy.al\/#website","url":"https:\/\/workandstudy.al\/","name":"Work and Study - Part of Tik Agency Group","description":"","publisher":{"@id":"https:\/\/workandstudy.al\/#organization"},"potentialAction":[{"@type":"SearchAction","target":{"@type":"EntryPoint","urlTemplate":"https:\/\/workandstudy.al\/?s={search_term_string}"},"query-input":{"@type":"PropertyValueSpecification","valueRequired":true,"valueName":"search_term_string"}}],"inLanguage":"sq"},{"@type":"Organization","@id":"https:\/\/workandstudy.al\/#organization","name":"Work and Study - Part of Tik Agency Group","url":"https:\/\/workandstudy.al\/","logo":{"@type":"ImageObject","inLanguage":"sq","@id":"https:\/\/workandstudy.al\/#\/schema\/logo\/image\/","url":"https:\/\/workandstudy.al\/wp-content\/uploads\/2025\/03\/logo1.png","contentUrl":"https:\/\/workandstudy.al\/wp-content\/uploads\/2025\/03\/logo1.png","width":420,"height":420,"caption":"Work and Study - Part of Tik Agency Group"},"image":{"@id":"https:\/\/workandstudy.al\/#\/schema\/logo\/image\/"}}]}},"_links":{"self":[{"href":"https:\/\/workandstudy.al\/al\/wp-json\/wp\/v2\/pages\/1831","targetHints":{"allow":["GET"]}}],"collection":[{"href":"https:\/\/workandstudy.al\/al\/wp-json\/wp\/v2\/pages"}],"about":[{"href":"https:\/\/workandstudy.al\/al\/wp-json\/wp\/v2\/types\/page"}],"author":[{"embeddable":true,"href":"https:\/\/workandstudy.al\/al\/wp-json\/wp\/v2\/users\/1"}],"replies":[{"embeddable":true,"href":"https:\/\/workandstudy.al\/al\/wp-json\/wp\/v2\/comments?post=1831"}],"version-history":[{"count":16,"href":"https:\/\/workandstudy.al\/al\/wp-json\/wp\/v2\/pages\/1831\/revisions"}],"predecessor-version":[{"id":5817,"href":"https:\/\/workandstudy.al\/al\/wp-json\/wp\/v2\/pages\/1831\/revisions\/5817"}],"wp:attachment":[{"href":"https:\/\/workandstudy.al\/al\/wp-json\/wp\/v2\/media?parent=1831"}],"curies":[{"name":"wp","href":"https:\/\/api.w.org\/{rel}","templated":true}]}}