{"id":2162,"date":"2020-09-01T12:59:27","date_gmt":"2020-09-01T12:59:27","guid":{"rendered":"https:\/\/workandstudy.al\/?page_id=2162"},"modified":"2020-09-01T13:02:01","modified_gmt":"2020-09-01T13:02:01","slug":"aplikime","status":"publish","type":"page","link":"https:\/\/workandstudy.al\/al\/aplikime\/","title":{"rendered":"Aplikime"},"content":{"rendered":"<div data-elementor-type=\"wp-page\" data-elementor-id=\"2162\" class=\"elementor elementor-2162\" data-elementor-post-type=\"page\">\n\t\t\t\t\t\t<section class=\"elementor-section elementor-top-section elementor-element elementor-element-96fb799 elementor-section-boxed elementor-section-height-default elementor-section-height-default\" data-id=\"96fb799\" data-element_type=\"section\">\n\t\t\t\t\t\t<div class=\"elementor-container elementor-column-gap-default\">\n\t\t\t\t\t<div class=\"elementor-column elementor-col-100 elementor-top-column elementor-element elementor-element-70d273d\" data-id=\"70d273d\" data-element_type=\"column\">\n\t\t\t<div class=\"elementor-widget-wrap elementor-element-populated\">\n\t\t\t\t\t\t<div class=\"elementor-element elementor-element-92b920e elementor-widget elementor-widget-heading\" data-id=\"92b920e\" data-element_type=\"widget\" data-widget_type=\"heading.default\">\n\t\t\t\t\t<h2 class=\"elementor-heading-title elementor-size-default\">Aplikime<\/h2>\t\t\t\t<\/div>\n\t\t\t\t<div class=\"elementor-element elementor-element-10e32be elementor-widget-divider--view-line elementor-widget elementor-widget-divider\" data-id=\"10e32be\" data-element_type=\"widget\" data-widget_type=\"divider.default\">\n\t\t\t\t\t\t\t<div class=\"elementor-divider\">\n\t\t\t<span class=\"elementor-divider-separator\">\n\t\t\t\t\t\t<\/span>\n\t\t<\/div>\n\t\t\t\t\t\t<\/div>\n\t\t\t\t\t<\/div>\n\t\t<\/div>\n\t\t\t\t\t<\/div>\n\t\t<\/section>\n\t\t\t\t<section class=\"elementor-section elementor-top-section elementor-element elementor-element-02db51e elementor-section-boxed elementor-section-height-default elementor-section-height-default\" data-id=\"02db51e\" data-element_type=\"section\">\n\t\t\t\t\t\t<div class=\"elementor-container elementor-column-gap-default\">\n\t\t\t\t\t<div class=\"elementor-column elementor-col-100 elementor-top-column elementor-element elementor-element-a49cd7d\" data-id=\"a49cd7d\" data-element_type=\"column\">\n\t\t\t<div class=\"elementor-widget-wrap elementor-element-populated\">\n\t\t\t\t\t\t<div class=\"elementor-element elementor-element-50f27fe elementor-widget elementor-widget-text-editor\" data-id=\"50f27fe\" data-element_type=\"widget\" data-widget_type=\"text-editor.default\">\n\t\t\t\t\t\t\t\t\t<p>Europe Agency e certifikuar si Agjenci Nd\u00ebrkomb\u00ebtare Pun\u00ebsimi, n\u00eb bashk\u00ebpunim me partner\u00ebt e saj br\u00ebnda dhe jasht\u00eb vendit ju b\u00ebn t\u00eb mundur prezantimin e ofertave t\u00eb ndryshme pune \u201cJob Offers\u201d p\u00ebr t\u00eb gjith\u00eb pun\u00ebk\u00ebrkuesit sipas profileve t\u00eb ndryshme qoft\u00eb ato pun\u00ebk\u00ebrkues m\u00eb komb\u00ebsi shqiptare apo t\u00eb huaj.<\/p><p>T\u00eb dh\u00ebntat e hedhura n\u00eb k\u00ebt\u00eb formular ndihmojn\u00eb Stafin e Europe Agency p\u00ebr t\u00eb q\u00ebn\u00eb m\u00eb t\u00eb qart\u00eb dhe m\u00eb t\u00eb shpejt\u00eb n\u00eb gjetjen e nj\u00eb oferte pun\u00eb p\u00ebr secilin aplikant duke u bazuar n\u00eb kriteret e v\u00ebna nga pun\u00ebdh\u00ebn\u00ebsi si dhe profilin e aplikuesit.<\/p><p>Me plotesesimin e ketij formulari aplikimi, aplikanti autorizon Europe Agency qw tw dhenat personale te paraqitura te perdoren dhe menaxhohen ne baze te:<\/p><ul><li>Ligji Nr. 9918, dat\u00eb 19.05.2008\u00a0 p\u00ebr \u201cKomunikimet elektronike n\u00eb Republik\u00ebn e Shqip\u00ebrise\u201d<\/li><li>Ligji Nr. 9887, dat\u00eb 10.3.2008 \u201cP\u00ebr mbrojtjen e t\u00eb Dh\u00ebnave Personale\u201d<\/li><li>Direktiva 95\/46 EC e Parlamentit Evropian dhe e K\u00ebshillit e 24 Tetorit 1995 \u201cP\u00ebr mbrojtjen e individ\u00ebve ne lidhje me p\u00ebrpunimin e t\u00eb dh\u00ebnave personale dhe qarkullimin e lire t\u00eb t\u00eb dh\u00ebnave te tilla\u201d;<\/li><li>Konventa Europiane p\u00ebr Mbrojtjen e t\u00eb Drejtave t\u00eb Njeriut;<\/li><\/ul>\t\t\t\t\t\t\t\t<\/div>\n\t\t\t\t\t<\/div>\n\t\t<\/div>\n\t\t\t\t\t<\/div>\n\t\t<\/section>\n\t\t\t\t<section class=\"elementor-section elementor-top-section elementor-element elementor-element-727208c elementor-section-boxed elementor-section-height-default elementor-section-height-default\" data-id=\"727208c\" data-element_type=\"section\">\n\t\t\t\t\t\t<div class=\"elementor-container elementor-column-gap-default\">\n\t\t\t\t\t<div class=\"elementor-column elementor-col-100 elementor-top-column elementor-element elementor-element-103f100\" data-id=\"103f100\" data-element_type=\"column\">\n\t\t\t<div class=\"elementor-widget-wrap elementor-element-populated\">\n\t\t\t\t\t\t<div class=\"elementor-element elementor-element-d4c30d6 elementor-button-align-stretch elementor-widget elementor-widget-form\" data-id=\"d4c30d6\" data-element_type=\"widget\" data-settings=\"{&quot;step_next_label&quot;:&quot;Next&quot;,&quot;step_previous_label&quot;:&quot;Previous&quot;,&quot;button_width&quot;:&quot;100&quot;,&quot;step_type&quot;:&quot;number_text&quot;,&quot;step_icon_shape&quot;:&quot;circle&quot;}\" data-widget_type=\"form.default\">\n\t\t\t\t\t\t\t<form class=\"elementor-form\" method=\"post\" name=\"New Form\" action=\"\">\n\t\t\t<input type=\"hidden\" name=\"post_id\" value=\"2162\"\/>\n\t\t\t<input type=\"hidden\" name=\"form_id\" value=\"d4c30d6\"\/>\n\t\t\t<input type=\"hidden\" name=\"referer_title\" value=\"Aplikime - Work and Study - Part of Tik Agency Group\" \/>\n\n\t\t\t\t\t\t\t<input type=\"hidden\" name=\"queried_id\" value=\"2162\"\/>\n\t\t\t\n\t\t\t<div class=\"elementor-form-fields-wrapper elementor-labels-above\">\n\t\t\t\t\t\t\t\t<div class=\"elementor-field-type-text elementor-field-group elementor-column elementor-field-group-name elementor-col-100\">\n\t\t\t\t\t\t\t\t\t\t\t\t<label for=\"form-field-name\" class=\"elementor-field-label\">\n\t\t\t\t\t\t\t\tName\t\t\t\t\t\t\t<\/label>\n\t\t\t\t\t\t\t\t\t\t\t\t\t\t<input size=\"1\" type=\"text\" name=\"form_fields[name]\" id=\"form-field-name\" class=\"elementor-field elementor-size-sm  elementor-field-textual\" placeholder=\"Name\">\n\t\t\t\t\t\t\t\t\t\t\t<\/div>\n\t\t\t\t\t\t\t\t<div class=\"elementor-field-type-email elementor-field-group elementor-column elementor-field-group-email elementor-col-100 elementor-field-required\">\n\t\t\t\t\t\t\t\t\t\t\t\t<label for=\"form-field-email\" class=\"elementor-field-label\">\n\t\t\t\t\t\t\t\tEmail\t\t\t\t\t\t\t<\/label>\n\t\t\t\t\t\t\t\t\t\t\t\t\t\t<input size=\"1\" type=\"email\" name=\"form_fields[email]\" id=\"form-field-email\" class=\"elementor-field elementor-size-sm  elementor-field-textual\" placeholder=\"Email\" required=\"required\">\n\t\t\t\t\t\t\t\t\t\t\t<\/div>\n\t\t\t\t\t\t\t\t<div class=\"elementor-field-type-textarea elementor-field-group elementor-column elementor-field-group-message elementor-col-100\">\n\t\t\t\t\t\t\t\t\t\t\t\t<label for=\"form-field-message\" class=\"elementor-field-label\">\n\t\t\t\t\t\t\t\tMessage\t\t\t\t\t\t\t<\/label>\n\t\t\t\t\t\t<textarea class=\"elementor-field-textual elementor-field  elementor-size-sm\" name=\"form_fields[message]\" id=\"form-field-message\" rows=\"4\" placeholder=\"Message\"><\/textarea>\t\t\t\t<\/div>\n\t\t\t\t\t\t\t\t<div class=\"elementor-field-group elementor-column elementor-field-type-submit elementor-col-100 e-form__buttons\">\n\t\t\t\t\t<button class=\"elementor-button elementor-size-sm\" type=\"submit\">\n\t\t\t\t\t\t<span class=\"elementor-button-content-wrapper\">\n\t\t\t\t\t\t\t\t\t\t\t\t\t\t\t\t\t\t\t\t\t\t<span class=\"elementor-button-text\">Send<\/span>\n\t\t\t\t\t\t\t\t\t\t\t\t\t<\/span>\n\t\t\t\t\t<\/button>\n\t\t\t\t<\/div>\n\t\t\t<\/div>\n\t\t<input type=\"hidden\" name=\"trp-form-language\" value=\"al\"\/><\/form>\n\t\t\t\t\t\t<\/div>\n\t\t\t\t\t<\/div>\n\t\t<\/div>\n\t\t\t\t\t<\/div>\n\t\t<\/section>\n\t\t\t\t<\/div>","protected":false},"excerpt":{"rendered":"<p>Aplikime Europe Agency e certifikuar si Agjenci Nd\u00ebrkomb\u00ebtare Pun\u00ebsimi, n\u00eb bashk\u00ebpunim me partner\u00ebt e saj br\u00ebnda dhe jasht\u00eb vendit ju b\u00ebn t\u00eb mundur prezantimin e ofertave t\u00eb ndryshme pune \u201cJob Offers\u201d p\u00ebr t\u00eb gjith\u00eb pun\u00ebk\u00ebrkuesit sipas profileve t\u00eb ndryshme qoft\u00eb ato pun\u00ebk\u00ebrkues m\u00eb komb\u00ebsi shqiptare apo t\u00eb huaj. T\u00eb dh\u00ebntat e hedhura n\u00eb k\u00ebt\u00eb formular [&hellip;]<\/p>","protected":false},"author":1,"featured_media":0,"parent":0,"menu_order":0,"comment_status":"closed","ping_status":"closed","template":"","meta":{"site-sidebar-layout":"no-sidebar","site-content-layout":"page-builder","ast-site-content-layout":"","site-content-style":"default","site-sidebar-style":"default","ast-global-header-display":"","ast-banner-title-visibility":"","ast-main-header-display":"","ast-hfb-above-header-display":"","ast-hfb-below-header-display":"","ast-hfb-mobile-header-display":"","site-post-title":"disabled","ast-breadcrumbs-content":"","ast-featured-img":"disabled","footer-sml-layout":"","theme-transparent-header-meta":"default","adv-header-id-meta":"","stick-header-meta":"","header-above-stick-meta":"","header-main-stick-meta":"","header-below-stick-meta":"","astra-migrate-meta-layouts":"default","ast-page-background-enabled":"default","ast-page-background-meta":{"desktop":{"background-color":"var(--ast-global-color-4)","background-image":"","background-repeat":"repeat","background-position":"center center","background-size":"auto","background-attachment":"scroll","background-type":"","background-media":"","overlay-type":"","overlay-color":"","overlay-opacity":"","overlay-gradient":""},"tablet":{"background-color":"","background-image":"","background-repeat":"repeat","background-position":"center center","background-size":"auto","background-attachment":"scroll","background-type":"","background-media":"","overlay-type":"","overlay-color":"","overlay-opacity":"","overlay-gradient":""},"mobile":{"background-color":"","background-image":"","background-repeat":"repeat","background-position":"center center","background-size":"auto","background-attachment":"scroll","background-type":"","background-media":"","overlay-type":"","overlay-color":"","overlay-opacity":"","overlay-gradient":""}},"ast-content-background-meta":{"desktop":{"background-color":"var(--ast-global-color-5)","background-image":"","background-repeat":"repeat","background-position":"center center","background-size":"auto","background-attachment":"scroll","background-type":"","background-media":"","overlay-type":"","overlay-color":"","overlay-opacity":"","overlay-gradient":""},"tablet":{"background-color":"var(--ast-global-color-5)","background-image":"","background-repeat":"repeat","background-position":"center center","background-size":"auto","background-attachment":"scroll","background-type":"","background-media":"","overlay-type":"","overlay-color":"","overlay-opacity":"","overlay-gradient":""},"mobile":{"background-color":"var(--ast-global-color-5)","background-image":"","background-repeat":"repeat","background-position":"center center","background-size":"auto","background-attachment":"scroll","background-type":"","background-media":"","overlay-type":"","overlay-color":"","overlay-opacity":"","overlay-gradient":""}},"_joinchat":[],"footnotes":""},"class_list":["post-2162","page","type-page","status-publish","hentry"],"aioseo_notices":[],"yoast_head":"<!-- This site is optimized with the Yoast SEO plugin v24.6 - https:\/\/yoast.com\/wordpress\/plugins\/seo\/ -->\n<title>Aplikime - Work and Study - Part of Tik Agency Group<\/title>\n<meta name=\"robots\" content=\"index, follow, max-snippet:-1, max-image-preview:large, max-video-preview:-1\" \/>\n<link rel=\"canonical\" href=\"https:\/\/workandstudy.al\/al\/aplikime\/\" \/>\n<meta property=\"og:locale\" content=\"sq_AL\" \/>\n<meta property=\"og:type\" content=\"article\" \/>\n<meta property=\"og:title\" content=\"Aplikime - Work and Study - Part of Tik Agency Group\" \/>\n<meta property=\"og:description\" content=\"Aplikime Europe Agency e certifikuar si Agjenci Nd\u00ebrkomb\u00ebtare Pun\u00ebsimi, n\u00eb bashk\u00ebpunim me partner\u00ebt e saj br\u00ebnda dhe jasht\u00eb vendit ju b\u00ebn t\u00eb mundur prezantimin e ofertave t\u00eb ndryshme pune \u201cJob Offers\u201d p\u00ebr t\u00eb gjith\u00eb pun\u00ebk\u00ebrkuesit sipas profileve t\u00eb ndryshme qoft\u00eb ato pun\u00ebk\u00ebrkues m\u00eb komb\u00ebsi shqiptare apo t\u00eb huaj. T\u00eb dh\u00ebntat e hedhura n\u00eb k\u00ebt\u00eb formular [&hellip;]\" \/>\n<meta property=\"og:url\" content=\"https:\/\/workandstudy.al\/al\/aplikime\/\" \/>\n<meta property=\"og:site_name\" content=\"Work and Study - Part of Tik Agency Group\" \/>\n<meta property=\"article:modified_time\" content=\"2020-09-01T13:02:01+00:00\" \/>\n<meta name=\"twitter:card\" content=\"summary_large_image\" \/>\n<meta name=\"twitter:label1\" content=\"Est. reading time\" \/>\n\t<meta name=\"twitter:data1\" content=\"1 minut\u00eb\" \/>\n<script type=\"application\/ld+json\" class=\"yoast-schema-graph\">{\"@context\":\"https:\/\/schema.org\",\"@graph\":[{\"@type\":\"WebPage\",\"@id\":\"https:\/\/workandstudy.al\/aplikime\/\",\"url\":\"https:\/\/workandstudy.al\/aplikime\/\",\"name\":\"Aplikime - Work and Study - Part of Tik Agency Group\",\"isPartOf\":{\"@id\":\"https:\/\/workandstudy.al\/#website\"},\"datePublished\":\"2020-09-01T12:59:27+00:00\",\"dateModified\":\"2020-09-01T13:02:01+00:00\",\"breadcrumb\":{\"@id\":\"https:\/\/workandstudy.al\/aplikime\/#breadcrumb\"},\"inLanguage\":\"sq\",\"potentialAction\":[{\"@type\":\"ReadAction\",\"target\":[\"https:\/\/workandstudy.al\/aplikime\/\"]}]},{\"@type\":\"BreadcrumbList\",\"@id\":\"https:\/\/workandstudy.al\/aplikime\/#breadcrumb\",\"itemListElement\":[{\"@type\":\"ListItem\",\"position\":1,\"name\":\"Home\",\"item\":\"https:\/\/workandstudy.al\/\"},{\"@type\":\"ListItem\",\"position\":2,\"name\":\"Aplikime\"}]},{\"@type\":\"WebSite\",\"@id\":\"https:\/\/workandstudy.al\/#website\",\"url\":\"https:\/\/workandstudy.al\/\",\"name\":\"Work and Study - Part of Tik Agency Group\",\"description\":\"\",\"publisher\":{\"@id\":\"https:\/\/workandstudy.al\/#organization\"},\"potentialAction\":[{\"@type\":\"SearchAction\",\"target\":{\"@type\":\"EntryPoint\",\"urlTemplate\":\"https:\/\/workandstudy.al\/?s={search_term_string}\"},\"query-input\":{\"@type\":\"PropertyValueSpecification\",\"valueRequired\":true,\"valueName\":\"search_term_string\"}}],\"inLanguage\":\"sq\"},{\"@type\":\"Organization\",\"@id\":\"https:\/\/workandstudy.al\/#organization\",\"name\":\"Work and Study - Part of Tik Agency Group\",\"url\":\"https:\/\/workandstudy.al\/\",\"logo\":{\"@type\":\"ImageObject\",\"inLanguage\":\"sq\",\"@id\":\"https:\/\/workandstudy.al\/#\/schema\/logo\/image\/\",\"url\":\"https:\/\/workandstudy.al\/wp-content\/uploads\/2025\/03\/logo1.png\",\"contentUrl\":\"https:\/\/workandstudy.al\/wp-content\/uploads\/2025\/03\/logo1.png\",\"width\":420,\"height\":420,\"caption\":\"Work and Study - Part of Tik Agency Group\"},\"image\":{\"@id\":\"https:\/\/workandstudy.al\/#\/schema\/logo\/image\/\"}}]}<\/script>\n<!-- \/ Yoast SEO plugin. -->","yoast_head_json":{"title":"Aplikime - Work and Study - Part of Tik Agency Group","robots":{"index":"index","follow":"follow","max-snippet":"max-snippet:-1","max-image-preview":"max-image-preview:large","max-video-preview":"max-video-preview:-1"},"canonical":"https:\/\/workandstudy.al\/al\/aplikime\/","og_locale":"sq_AL","og_type":"article","og_title":"Aplikime - Work and Study - Part of Tik Agency Group","og_description":"Aplikime Europe Agency e certifikuar si Agjenci Nd\u00ebrkomb\u00ebtare Pun\u00ebsimi, n\u00eb bashk\u00ebpunim me partner\u00ebt e saj br\u00ebnda dhe jasht\u00eb vendit ju b\u00ebn t\u00eb mundur prezantimin e ofertave t\u00eb ndryshme pune \u201cJob Offers\u201d p\u00ebr t\u00eb gjith\u00eb pun\u00ebk\u00ebrkuesit sipas profileve t\u00eb ndryshme qoft\u00eb ato pun\u00ebk\u00ebrkues m\u00eb komb\u00ebsi shqiptare apo t\u00eb huaj. T\u00eb dh\u00ebntat e hedhura n\u00eb k\u00ebt\u00eb formular [&hellip;]","og_url":"https:\/\/workandstudy.al\/al\/aplikime\/","og_site_name":"Work and Study - Part of Tik Agency Group","article_modified_time":"2020-09-01T13:02:01+00:00","twitter_card":"summary_large_image","twitter_misc":{"Est. reading time":"1 minut\u00eb"},"schema":{"@context":"https:\/\/schema.org","@graph":[{"@type":"WebPage","@id":"https:\/\/workandstudy.al\/aplikime\/","url":"https:\/\/workandstudy.al\/aplikime\/","name":"Aplikime - Work and Study - Part of Tik Agency Group","isPartOf":{"@id":"https:\/\/workandstudy.al\/#website"},"datePublished":"2020-09-01T12:59:27+00:00","dateModified":"2020-09-01T13:02:01+00:00","breadcrumb":{"@id":"https:\/\/workandstudy.al\/aplikime\/#breadcrumb"},"inLanguage":"sq","potentialAction":[{"@type":"ReadAction","target":["https:\/\/workandstudy.al\/aplikime\/"]}]},{"@type":"BreadcrumbList","@id":"https:\/\/workandstudy.al\/aplikime\/#breadcrumb","itemListElement":[{"@type":"ListItem","position":1,"name":"Home","item":"https:\/\/workandstudy.al\/"},{"@type":"ListItem","position":2,"name":"Aplikime"}]},{"@type":"WebSite","@id":"https:\/\/workandstudy.al\/#website","url":"https:\/\/workandstudy.al\/","name":"Work and Study - Part of Tik Agency Group","description":"","publisher":{"@id":"https:\/\/workandstudy.al\/#organization"},"potentialAction":[{"@type":"SearchAction","target":{"@type":"EntryPoint","urlTemplate":"https:\/\/workandstudy.al\/?s={search_term_string}"},"query-input":{"@type":"PropertyValueSpecification","valueRequired":true,"valueName":"search_term_string"}}],"inLanguage":"sq"},{"@type":"Organization","@id":"https:\/\/workandstudy.al\/#organization","name":"Work and Study - Part of Tik Agency Group","url":"https:\/\/workandstudy.al\/","logo":{"@type":"ImageObject","inLanguage":"sq","@id":"https:\/\/workandstudy.al\/#\/schema\/logo\/image\/","url":"https:\/\/workandstudy.al\/wp-content\/uploads\/2025\/03\/logo1.png","contentUrl":"https:\/\/workandstudy.al\/wp-content\/uploads\/2025\/03\/logo1.png","width":420,"height":420,"caption":"Work and Study - Part of Tik Agency Group"},"image":{"@id":"https:\/\/workandstudy.al\/#\/schema\/logo\/image\/"}}]}},"_links":{"self":[{"href":"https:\/\/workandstudy.al\/al\/wp-json\/wp\/v2\/pages\/2162","targetHints":{"allow":["GET"]}}],"collection":[{"href":"https:\/\/workandstudy.al\/al\/wp-json\/wp\/v2\/pages"}],"about":[{"href":"https:\/\/workandstudy.al\/al\/wp-json\/wp\/v2\/types\/page"}],"author":[{"embeddable":true,"href":"https:\/\/workandstudy.al\/al\/wp-json\/wp\/v2\/users\/1"}],"replies":[{"embeddable":true,"href":"https:\/\/workandstudy.al\/al\/wp-json\/wp\/v2\/comments?post=2162"}],"version-history":[{"count":4,"href":"https:\/\/workandstudy.al\/al\/wp-json\/wp\/v2\/pages\/2162\/revisions"}],"predecessor-version":[{"id":2166,"href":"https:\/\/workandstudy.al\/al\/wp-json\/wp\/v2\/pages\/2162\/revisions\/2166"}],"wp:attachment":[{"href":"https:\/\/workandstudy.al\/al\/wp-json\/wp\/v2\/media?parent=2162"}],"curies":[{"name":"wp","href":"https:\/\/api.w.org\/{rel}","templated":true}]}}