{"id":3164,"date":"2020-09-23T20:36:28","date_gmt":"2020-09-23T18:36:28","guid":{"rendered":"https:\/\/workandstudy.al\/?page_id=3164"},"modified":"2020-10-12T13:38:57","modified_gmt":"2020-10-12T11:38:57","slug":"pune-ne-shqiperi","status":"publish","type":"page","link":"https:\/\/workandstudy.al\/al\/pune-ne-shqiperi\/","title":{"rendered":"Pun\u00eb n\u00eb Shqip\u00ebri"},"content":{"rendered":"<div data-elementor-type=\"wp-page\" data-elementor-id=\"3164\" class=\"elementor elementor-3164\" data-elementor-post-type=\"page\">\n\t\t\t\t\t\t<section class=\"elementor-section elementor-top-section elementor-element elementor-element-8dce386 elementor-section-boxed elementor-section-height-default elementor-section-height-default\" data-id=\"8dce386\" data-element_type=\"section\">\n\t\t\t\t\t\t<div class=\"elementor-container elementor-column-gap-default\">\n\t\t\t\t\t<div class=\"elementor-column elementor-col-100 elementor-top-column elementor-element elementor-element-459ab3b\" data-id=\"459ab3b\" data-element_type=\"column\">\n\t\t\t<div class=\"elementor-widget-wrap elementor-element-populated\">\n\t\t\t\t\t\t<div class=\"elementor-element elementor-element-dfcf6c2 elementor-widget elementor-widget-heading\" data-id=\"dfcf6c2\" data-element_type=\"widget\" data-widget_type=\"heading.default\">\n\t\t\t\t\t<h2 class=\"elementor-heading-title elementor-size-default\">Pun\u00eb n\u00eb Shqip\u00ebri<\/h2>\t\t\t\t<\/div>\n\t\t\t\t\t<\/div>\n\t\t<\/div>\n\t\t\t\t\t<\/div>\n\t\t<\/section>\n\t\t\t\t<section class=\"elementor-section elementor-top-section elementor-element elementor-element-c8e88d7 elementor-section-boxed elementor-section-height-default elementor-section-height-default\" data-id=\"c8e88d7\" data-element_type=\"section\">\n\t\t\t\t\t\t<div class=\"elementor-container elementor-column-gap-default\">\n\t\t\t\t\t<div class=\"elementor-column elementor-col-100 elementor-top-column elementor-element elementor-element-f00d95b\" data-id=\"f00d95b\" data-element_type=\"column\">\n\t\t\t<div class=\"elementor-widget-wrap elementor-element-populated\">\n\t\t\t\t\t\t<div class=\"elementor-element elementor-element-927b30b elementor-grid-eael-col-4 elementor-grid-tablet-eael-col-2 elementor-grid-mobile-eael-col-1 elementor-widget elementor-widget-eael-post-grid\" data-id=\"927b30b\" data-element_type=\"widget\" data-settings=\"{&quot;eael_post_grid_columns&quot;:&quot;eael-col-4&quot;,&quot;eael_post_grid_columns_tablet&quot;:&quot;eael-col-2&quot;,&quot;eael_post_grid_columns_mobile&quot;:&quot;eael-col-1&quot;}\" data-widget_type=\"eael-post-grid.default\">\n\t\t\t\t\t<div id=\"eael-post-grid-927b30b\" class=\"eael-post-grid-container\">\n            <div class=\"eael-post-grid eael-post-appender eael-post-appender-927b30b eael-post-grid-style-one\" data-layout-mode=\"masonry\"><article class=\"eael-grid-post eael-post-grid-column\" data-id=\"4562\">\n        <div class=\"eael-grid-post-holder\">\n            <div class=\"eael-grid-post-holder-inner\"><div class=\"eael-entry-media\"><div class=\"eael-entry-overlay fade-in\"><i class=\"fas fa-long-arrow-alt-right\" aria-hidden=\"true\"><\/i><a href=\"https:\/\/workandstudy.al\/al\/agjent-shitjesh-jo-ne-terren\/\"><\/a><\/div><div class=\"eael-entry-thumbnail\">\n                <img fetchpriority=\"high\" decoding=\"async\" width=\"300\" height=\"200\" src=\"https:\/\/workandstudy.al\/wp-content\/uploads\/2020\/12\/925689786_Insurance-Agent-628x419-1-300x200.jpg\" class=\"attachment-medium size-medium wp-image-4563\" alt=\"\" srcset=\"https:\/\/workandstudy.al\/wp-content\/uploads\/2020\/12\/925689786_Insurance-Agent-628x419-1-300x200.jpg 300w, https:\/\/workandstudy.al\/wp-content\/uploads\/2020\/12\/925689786_Insurance-Agent-628x419-1.jpg 628w\" sizes=\"(max-width: 300px) 100vw, 300px\" \/>\n            <\/div>\n        <\/div><div class=\"eael-entry-wrapper\"><header class=\"eael-entry-header\"><h2 class=\"eael-entry-title\"><a class=\"eael-grid-post-link\" href=\"https:\/\/workandstudy.al\/al\/agjent-shitjesh-jo-ne-terren\/\" title=\"Agjent Shitjesh (jo n\u00eb terren)\">Agjent Shitjesh (jo n\u00eb terren)<\/a><\/h2><\/header><div class=\"eael-entry-content\">\n                        <div class=\"eael-grid-post-excerpt\"><p>Mund\u00ebsi pun\u00ebsimi n\u00eb nj\u00eb nga kompanit\u00eb m\u00eb t\u00eb mira n\u00eb...<\/p><a href=\"https:\/\/workandstudy.al\/al\/agjent-shitjesh-jo-ne-terren\/\" class=\"eael-post-elements-readmore-btn\">Read More<\/a><\/div>\n                    <\/div><div class=\"eael-entry-footer\"><div class=\"eael-entry-meta\"><\/div><\/div><\/div><\/div>\n        <\/div>\n    <\/article><article class=\"eael-grid-post eael-post-grid-column\" data-id=\"4520\">\n        <div class=\"eael-grid-post-holder\">\n            <div class=\"eael-grid-post-holder-inner\"><div class=\"eael-entry-media\"><div class=\"eael-entry-overlay fade-in\"><i class=\"fas fa-long-arrow-alt-right\" aria-hidden=\"true\"><\/i><a href=\"https:\/\/workandstudy.al\/al\/praktikant-e-ne-fushen-e-turizmit-perkthimeve-imobiliares\/\"><\/a><\/div><div class=\"eael-entry-thumbnail\">\n                <img decoding=\"async\" width=\"300\" height=\"197\" src=\"https:\/\/workandstudy.al\/wp-content\/uploads\/2020\/12\/INTERN-3-1-300x197.jpg\" class=\"attachment-medium size-medium wp-image-4521\" alt=\"\" srcset=\"https:\/\/workandstudy.al\/wp-content\/uploads\/2020\/12\/INTERN-3-1-300x197.jpg 300w, https:\/\/workandstudy.al\/wp-content\/uploads\/2020\/12\/INTERN-3-1-1024x673.jpg 1024w, https:\/\/workandstudy.al\/wp-content\/uploads\/2020\/12\/INTERN-3-1-768x504.jpg 768w, https:\/\/workandstudy.al\/wp-content\/uploads\/2020\/12\/INTERN-3-1.jpg 1218w\" sizes=\"(max-width: 300px) 100vw, 300px\" \/>\n            <\/div>\n        <\/div><div class=\"eael-entry-wrapper\"><header class=\"eael-entry-header\"><h2 class=\"eael-entry-title\"><a class=\"eael-grid-post-link\" href=\"https:\/\/workandstudy.al\/al\/praktikant-e-ne-fushen-e-turizmit-perkthimeve-imobiliares\/\" title=\"Praktikant\/e n\u00eb fush\u00ebn e turizmit, p\u00ebrkthimeve &#038; imobiliares\">Praktikant\/e n\u00eb fush\u00ebn e turizmit, p\u00ebrkthimeve &#038; imobiliares<\/a><\/h2><\/header><div class=\"eael-entry-content\">\n                        <div class=\"eael-grid-post-excerpt\"><p>Ofrohet pozicioni i praktikant\/e n\u00eb fush\u00ebn e turizmit , p\u00ebrkthimeve...<\/p><a href=\"https:\/\/workandstudy.al\/al\/praktikant-e-ne-fushen-e-turizmit-perkthimeve-imobiliares\/\" class=\"eael-post-elements-readmore-btn\">Read More<\/a><\/div>\n                    <\/div><div class=\"eael-entry-footer\"><div class=\"eael-entry-meta\"><\/div><\/div><\/div><\/div>\n        <\/div>\n    <\/article><article class=\"eael-grid-post eael-post-grid-column\" data-id=\"4516\">\n        <div class=\"eael-grid-post-holder\">\n            <div class=\"eael-grid-post-holder-inner\"><div class=\"eael-entry-media\"><div class=\"eael-entry-overlay fade-in\"><i class=\"fas fa-long-arrow-alt-right\" aria-hidden=\"true\"><\/i><a href=\"https:\/\/workandstudy.al\/al\/agjent-turistik\/\"><\/a><\/div><div class=\"eael-entry-thumbnail\">\n                <img decoding=\"async\" width=\"300\" height=\"200\" src=\"https:\/\/workandstudy.al\/wp-content\/uploads\/2020\/12\/Travel-Agents-300x200.jpg\" class=\"attachment-medium size-medium wp-image-4517\" alt=\"\" srcset=\"https:\/\/workandstudy.al\/wp-content\/uploads\/2020\/12\/Travel-Agents-300x200.jpg 300w, https:\/\/workandstudy.al\/wp-content\/uploads\/2020\/12\/Travel-Agents-768x512.jpg 768w, https:\/\/workandstudy.al\/wp-content\/uploads\/2020\/12\/Travel-Agents.jpg 1000w\" sizes=\"(max-width: 300px) 100vw, 300px\" \/>\n            <\/div>\n        <\/div><div class=\"eael-entry-wrapper\"><header class=\"eael-entry-header\"><h2 class=\"eael-entry-title\"><a class=\"eael-grid-post-link\" href=\"https:\/\/workandstudy.al\/al\/agjent-turistik\/\" title=\"Agjent turistik\">Agjent turistik<\/a><\/h2><\/header><div class=\"eael-entry-content\">\n                        <div class=\"eael-grid-post-excerpt\"><p>Ofrohet pozicioni i agjentit turistik pran\u00eb Tik Agency. Gjuha angleze...<\/p><a href=\"https:\/\/workandstudy.al\/al\/agjent-turistik\/\" class=\"eael-post-elements-readmore-btn\">Read More<\/a><\/div>\n                    <\/div><div class=\"eael-entry-footer\"><div class=\"eael-entry-meta\"><\/div><\/div><\/div><\/div>\n        <\/div>\n    <\/article><article class=\"eael-grid-post eael-post-grid-column\" data-id=\"4510\">\n        <div class=\"eael-grid-post-holder\">\n            <div class=\"eael-grid-post-holder-inner\"><div class=\"eael-entry-media\"><div class=\"eael-entry-overlay fade-in\"><i class=\"fas fa-long-arrow-alt-right\" aria-hidden=\"true\"><\/i><a href=\"https:\/\/workandstudy.al\/al\/agjent-imobiliar-full-time\/\"><\/a><\/div><div class=\"eael-entry-thumbnail\">\n                <img loading=\"lazy\" decoding=\"async\" width=\"300\" height=\"169\" src=\"https:\/\/workandstudy.al\/wp-content\/uploads\/2020\/12\/real-estate-agent-qualities-e1478704779127-300x169.jpg\" class=\"attachment-medium size-medium wp-image-4511\" alt=\"\" srcset=\"https:\/\/workandstudy.al\/wp-content\/uploads\/2020\/12\/real-estate-agent-qualities-e1478704779127-300x169.jpg 300w, https:\/\/workandstudy.al\/wp-content\/uploads\/2020\/12\/real-estate-agent-qualities-e1478704779127-768x434.jpg 768w, https:\/\/workandstudy.al\/wp-content\/uploads\/2020\/12\/real-estate-agent-qualities-e1478704779127.jpg 855w\" sizes=\"(max-width: 300px) 100vw, 300px\" \/>\n            <\/div>\n        <\/div><div class=\"eael-entry-wrapper\"><header class=\"eael-entry-header\"><h2 class=\"eael-entry-title\"><a class=\"eael-grid-post-link\" href=\"https:\/\/workandstudy.al\/al\/agjent-imobiliar-full-time\/\" title=\"Agjent imobiliar full-time\">Agjent imobiliar full-time<\/a><\/h2><\/header><div class=\"eael-entry-content\">\n                        <div class=\"eael-grid-post-excerpt\"><p>Ofrohet pozicioni i agjentit imobiliar full-time pran\u00eb Tik Agency. Pagesa...<\/p><a href=\"https:\/\/workandstudy.al\/al\/agjent-imobiliar-full-time\/\" class=\"eael-post-elements-readmore-btn\">Read More<\/a><\/div>\n                    <\/div><div class=\"eael-entry-footer\"><div class=\"eael-entry-meta\"><\/div><\/div><\/div><\/div>\n        <\/div>\n    <\/article><\/div>\n            <div class=\"clearfix\"><\/div>\n        <\/div>            <div class=\"eael-load-more-button-wrap eael-force-hide\">\n                <button class=\"eael-load-more-button\" id=\"eael-load-more-btn-927b30b\" data-widget-id=\"927b30b\" data-widget=\"927b30b\" data-page-id=\"3164\" data-template=\"{&quot;dir&quot;:&quot;lite&quot;,&quot;file_name&quot;:&quot;one.php&quot;,&quot;name&quot;:&quot;Post-Grid&quot;}\" data-class=\"Essential_Addons_Elementor\\Elements\\Post_Grid\" data-layout=\"masonry\" data-page=\"1\" data-args=\"orderby=date&amp;order=desc&amp;ignore_sticky_posts=1&amp;post_status=publish&amp;posts_per_page=4&amp;offset=0&amp;post_type=post&amp;tax_query%5B0%5D%5Btaxonomy%5D=category&amp;tax_query%5B0%5D%5Bfield%5D=term_id&amp;tax_query%5B0%5D%5Bterms%5D%5B0%5D=138&amp;tax_query%5Brelation%5D=AND\" data-max-page=\"2\">\n                    <span class=\"eael-btn-loader button__loader\"><\/span>\n                    <span class=\"eael_load_more_text\">Load More<\/span>\n                <\/button>\n            <\/div>\n            \t\t\t\t<\/div>\n\t\t\t\t\t<\/div>\n\t\t<\/div>\n\t\t\t\t\t<\/div>\n\t\t<\/section>\n\t\t\t\t<\/div>","protected":false},"excerpt":{"rendered":"<p>Pun\u00eb n\u00eb Shqip\u00ebri Pune ne Shqiperi Ne iu asistojme ne kerkimin tuaj per pune. Read More<\/p>","protected":false},"author":1,"featured_media":0,"parent":0,"menu_order":0,"comment_status":"closed","ping_status":"closed","template":"","meta":{"site-sidebar-layout":"no-sidebar","site-content-layout":"page-builder","ast-site-content-layout":"","site-content-style":"default","site-sidebar-style":"default","ast-global-header-display":"","ast-banner-title-visibility":"","ast-main-header-display":"","ast-hfb-above-header-display":"","ast-hfb-below-header-display":"","ast-hfb-mobile-header-display":"","site-post-title":"disabled","ast-breadcrumbs-content":"","ast-featured-img":"disabled","footer-sml-layout":"","theme-transparent-header-meta":"default","adv-header-id-meta":"","stick-header-meta":"","header-above-stick-meta":"","header-main-stick-meta":"","header-below-stick-meta":"","astra-migrate-meta-layouts":"default","ast-page-background-enabled":"default","ast-page-background-meta":{"desktop":{"background-color":"var(--ast-global-color-4)","background-image":"","background-repeat":"repeat","background-position":"center center","background-size":"auto","background-attachment":"scroll","background-type":"","background-media":"","overlay-type":"","overlay-color":"","overlay-opacity":"","overlay-gradient":""},"tablet":{"background-color":"","background-image":"","background-repeat":"repeat","background-position":"center center","background-size":"auto","background-attachment":"scroll","background-type":"","background-media":"","overlay-type":"","overlay-color":"","overlay-opacity":"","overlay-gradient":""},"mobile":{"background-color":"","background-image":"","background-repeat":"repeat","background-position":"center center","background-size":"auto","background-attachment":"scroll","background-type":"","background-media":"","overlay-type":"","overlay-color":"","overlay-opacity":"","overlay-gradient":""}},"ast-content-background-meta":{"desktop":{"background-color":"var(--ast-global-color-5)","background-image":"","background-repeat":"repeat","background-position":"center center","background-size":"auto","background-attachment":"scroll","background-type":"","background-media":"","overlay-type":"","overlay-color":"","overlay-opacity":"","overlay-gradient":""},"tablet":{"background-color":"var(--ast-global-color-5)","background-image":"","background-repeat":"repeat","background-position":"center center","background-size":"auto","background-attachment":"scroll","background-type":"","background-media":"","overlay-type":"","overlay-color":"","overlay-opacity":"","overlay-gradient":""},"mobile":{"background-color":"var(--ast-global-color-5)","background-image":"","background-repeat":"repeat","background-position":"center center","background-size":"auto","background-attachment":"scroll","background-type":"","background-media":"","overlay-type":"","overlay-color":"","overlay-opacity":"","overlay-gradient":""}},"_joinchat":[],"footnotes":""},"class_list":["post-3164","page","type-page","status-publish","hentry"],"aioseo_notices":[],"yoast_head":"<!-- This site is optimized with the Yoast SEO plugin v24.6 - https:\/\/yoast.com\/wordpress\/plugins\/seo\/ -->\n<title>Pun\u00eb n\u00eb Shqip\u00ebri - Work and Study - Part of Tik Agency Group<\/title>\n<meta name=\"robots\" content=\"index, follow, max-snippet:-1, max-image-preview:large, max-video-preview:-1\" \/>\n<link rel=\"canonical\" href=\"https:\/\/workandstudy.al\/al\/pune-ne-shqiperi\/\" \/>\n<meta property=\"og:locale\" content=\"sq_AL\" \/>\n<meta property=\"og:type\" content=\"article\" \/>\n<meta property=\"og:title\" content=\"Pun\u00eb n\u00eb Shqip\u00ebri - Work and Study - Part of Tik Agency Group\" \/>\n<meta property=\"og:description\" content=\"Pun\u00eb n\u00eb Shqip\u00ebri Pune ne Shqiperi Ne iu asistojme ne kerkimin tuaj per pune. Read More\" \/>\n<meta property=\"og:url\" content=\"https:\/\/workandstudy.al\/al\/pune-ne-shqiperi\/\" \/>\n<meta property=\"og:site_name\" content=\"Work and Study - Part of Tik Agency Group\" \/>\n<meta property=\"article:modified_time\" content=\"2020-10-12T11:38:57+00:00\" \/>\n<meta name=\"twitter:card\" content=\"summary_large_image\" \/>\n<script type=\"application\/ld+json\" class=\"yoast-schema-graph\">{\"@context\":\"https:\/\/schema.org\",\"@graph\":[{\"@type\":\"WebPage\",\"@id\":\"https:\/\/workandstudy.al\/pune-ne-shqiperi\/\",\"url\":\"https:\/\/workandstudy.al\/pune-ne-shqiperi\/\",\"name\":\"Pun\u00eb n\u00eb Shqip\u00ebri - Work and Study - Part of Tik Agency Group\",\"isPartOf\":{\"@id\":\"https:\/\/workandstudy.al\/#website\"},\"datePublished\":\"2020-09-23T18:36:28+00:00\",\"dateModified\":\"2020-10-12T11:38:57+00:00\",\"breadcrumb\":{\"@id\":\"https:\/\/workandstudy.al\/pune-ne-shqiperi\/#breadcrumb\"},\"inLanguage\":\"sq\",\"potentialAction\":[{\"@type\":\"ReadAction\",\"target\":[\"https:\/\/workandstudy.al\/pune-ne-shqiperi\/\"]}]},{\"@type\":\"BreadcrumbList\",\"@id\":\"https:\/\/workandstudy.al\/pune-ne-shqiperi\/#breadcrumb\",\"itemListElement\":[{\"@type\":\"ListItem\",\"position\":1,\"name\":\"Home\",\"item\":\"https:\/\/workandstudy.al\/\"},{\"@type\":\"ListItem\",\"position\":2,\"name\":\"Pun\u00eb n\u00eb Shqip\u00ebri\"}]},{\"@type\":\"WebSite\",\"@id\":\"https:\/\/workandstudy.al\/#website\",\"url\":\"https:\/\/workandstudy.al\/\",\"name\":\"Work and Study - Part of Tik Agency Group\",\"description\":\"\",\"publisher\":{\"@id\":\"https:\/\/workandstudy.al\/#organization\"},\"potentialAction\":[{\"@type\":\"SearchAction\",\"target\":{\"@type\":\"EntryPoint\",\"urlTemplate\":\"https:\/\/workandstudy.al\/?s={search_term_string}\"},\"query-input\":{\"@type\":\"PropertyValueSpecification\",\"valueRequired\":true,\"valueName\":\"search_term_string\"}}],\"inLanguage\":\"sq\"},{\"@type\":\"Organization\",\"@id\":\"https:\/\/workandstudy.al\/#organization\",\"name\":\"Work and Study - Part of Tik Agency Group\",\"url\":\"https:\/\/workandstudy.al\/\",\"logo\":{\"@type\":\"ImageObject\",\"inLanguage\":\"sq\",\"@id\":\"https:\/\/workandstudy.al\/#\/schema\/logo\/image\/\",\"url\":\"https:\/\/workandstudy.al\/wp-content\/uploads\/2025\/03\/logo1.png\",\"contentUrl\":\"https:\/\/workandstudy.al\/wp-content\/uploads\/2025\/03\/logo1.png\",\"width\":420,\"height\":420,\"caption\":\"Work and Study - Part of Tik Agency Group\"},\"image\":{\"@id\":\"https:\/\/workandstudy.al\/#\/schema\/logo\/image\/\"}}]}<\/script>\n<!-- \/ Yoast SEO plugin. -->","yoast_head_json":{"title":"Pun\u00eb n\u00eb Shqip\u00ebri - Work and Study - Part of Tik Agency Group","robots":{"index":"index","follow":"follow","max-snippet":"max-snippet:-1","max-image-preview":"max-image-preview:large","max-video-preview":"max-video-preview:-1"},"canonical":"https:\/\/workandstudy.al\/al\/pune-ne-shqiperi\/","og_locale":"sq_AL","og_type":"article","og_title":"Pun\u00eb n\u00eb Shqip\u00ebri - Work and Study - Part of Tik Agency Group","og_description":"Pun\u00eb n\u00eb Shqip\u00ebri Pune ne Shqiperi Ne iu asistojme ne kerkimin tuaj per pune. Read More","og_url":"https:\/\/workandstudy.al\/al\/pune-ne-shqiperi\/","og_site_name":"Work and Study - Part of Tik Agency Group","article_modified_time":"2020-10-12T11:38:57+00:00","twitter_card":"summary_large_image","schema":{"@context":"https:\/\/schema.org","@graph":[{"@type":"WebPage","@id":"https:\/\/workandstudy.al\/pune-ne-shqiperi\/","url":"https:\/\/workandstudy.al\/pune-ne-shqiperi\/","name":"Pun\u00eb n\u00eb Shqip\u00ebri - Work and Study - Part of Tik Agency Group","isPartOf":{"@id":"https:\/\/workandstudy.al\/#website"},"datePublished":"2020-09-23T18:36:28+00:00","dateModified":"2020-10-12T11:38:57+00:00","breadcrumb":{"@id":"https:\/\/workandstudy.al\/pune-ne-shqiperi\/#breadcrumb"},"inLanguage":"sq","potentialAction":[{"@type":"ReadAction","target":["https:\/\/workandstudy.al\/pune-ne-shqiperi\/"]}]},{"@type":"BreadcrumbList","@id":"https:\/\/workandstudy.al\/pune-ne-shqiperi\/#breadcrumb","itemListElement":[{"@type":"ListItem","position":1,"name":"Home","item":"https:\/\/workandstudy.al\/"},{"@type":"ListItem","position":2,"name":"Pun\u00eb n\u00eb Shqip\u00ebri"}]},{"@type":"WebSite","@id":"https:\/\/workandstudy.al\/#website","url":"https:\/\/workandstudy.al\/","name":"Work and Study - Part of Tik Agency Group","description":"","publisher":{"@id":"https:\/\/workandstudy.al\/#organization"},"potentialAction":[{"@type":"SearchAction","target":{"@type":"EntryPoint","urlTemplate":"https:\/\/workandstudy.al\/?s={search_term_string}"},"query-input":{"@type":"PropertyValueSpecification","valueRequired":true,"valueName":"search_term_string"}}],"inLanguage":"sq"},{"@type":"Organization","@id":"https:\/\/workandstudy.al\/#organization","name":"Work and Study - Part of Tik Agency Group","url":"https:\/\/workandstudy.al\/","logo":{"@type":"ImageObject","inLanguage":"sq","@id":"https:\/\/workandstudy.al\/#\/schema\/logo\/image\/","url":"https:\/\/workandstudy.al\/wp-content\/uploads\/2025\/03\/logo1.png","contentUrl":"https:\/\/workandstudy.al\/wp-content\/uploads\/2025\/03\/logo1.png","width":420,"height":420,"caption":"Work and Study - Part of Tik Agency Group"},"image":{"@id":"https:\/\/workandstudy.al\/#\/schema\/logo\/image\/"}}]}},"_links":{"self":[{"href":"https:\/\/workandstudy.al\/al\/wp-json\/wp\/v2\/pages\/3164","targetHints":{"allow":["GET"]}}],"collection":[{"href":"https:\/\/workandstudy.al\/al\/wp-json\/wp\/v2\/pages"}],"about":[{"href":"https:\/\/workandstudy.al\/al\/wp-json\/wp\/v2\/types\/page"}],"author":[{"embeddable":true,"href":"https:\/\/workandstudy.al\/al\/wp-json\/wp\/v2\/users\/1"}],"replies":[{"embeddable":true,"href":"https:\/\/workandstudy.al\/al\/wp-json\/wp\/v2\/comments?post=3164"}],"version-history":[{"count":4,"href":"https:\/\/workandstudy.al\/al\/wp-json\/wp\/v2\/pages\/3164\/revisions"}],"predecessor-version":[{"id":3819,"href":"https:\/\/workandstudy.al\/al\/wp-json\/wp\/v2\/pages\/3164\/revisions\/3819"}],"wp:attachment":[{"href":"https:\/\/workandstudy.al\/al\/wp-json\/wp\/v2\/media?parent=3164"}],"curies":[{"name":"wp","href":"https:\/\/api.w.org\/{rel}","templated":true}]}}