{"id":3230,"date":"2020-09-23T22:01:54","date_gmt":"2020-09-23T20:01:54","guid":{"rendered":"https:\/\/workandstudy.al\/?page_id=3230"},"modified":"2020-12-17T15:44:03","modified_gmt":"2020-12-17T14:44:03","slug":"pune-e-perkohshme-kanada","status":"publish","type":"page","link":"https:\/\/workandstudy.al\/al\/pune-e-perkohshme-kanada\/","title":{"rendered":"Pun\u00eb e P\u00ebrkohshme Kanada"},"content":{"rendered":"<div data-elementor-type=\"wp-page\" data-elementor-id=\"3230\" class=\"elementor elementor-3230\" data-elementor-post-type=\"page\">\n\t\t\t\t\t\t<section class=\"elementor-section elementor-top-section elementor-element elementor-element-75ac390 elementor-section-boxed elementor-section-height-default elementor-section-height-default\" data-id=\"75ac390\" data-element_type=\"section\" data-e-type=\"section\">\n\t\t\t\t\t\t<div class=\"elementor-container elementor-column-gap-default\">\n\t\t\t\t\t<div class=\"elementor-column elementor-col-100 elementor-top-column elementor-element elementor-element-492dd73\" data-id=\"492dd73\" data-element_type=\"column\" data-e-type=\"column\">\n\t\t\t<div class=\"elementor-widget-wrap elementor-element-populated\">\n\t\t\t\t\t\t<div class=\"elementor-element elementor-element-9eab434 elementor-widget elementor-widget-heading\" data-id=\"9eab434\" data-element_type=\"widget\" data-e-type=\"widget\" data-widget_type=\"heading.default\">\n\t\t\t\t\t<h2 class=\"elementor-heading-title elementor-size-default\">Pun\u00ebsim n\u00eb Kanada.<\/h2>\t\t\t\t<\/div>\n\t\t\t\t<div class=\"elementor-element elementor-element-36cdddd elementor-widget-divider--view-line elementor-widget elementor-widget-divider\" data-id=\"36cdddd\" data-element_type=\"widget\" data-e-type=\"widget\" data-widget_type=\"divider.default\">\n\t\t\t\t\t\t\t<div class=\"elementor-divider\">\n\t\t\t<span class=\"elementor-divider-separator\">\n\t\t\t\t\t\t<\/span>\n\t\t<\/div>\n\t\t\t\t\t\t<\/div>\n\t\t\t\t\t<\/div>\n\t\t<\/div>\n\t\t\t\t\t<\/div>\n\t\t<\/section>\n\t\t\t\t<section class=\"elementor-section elementor-top-section elementor-element elementor-element-13c6fff elementor-section-boxed elementor-section-height-default elementor-section-height-default\" data-id=\"13c6fff\" data-element_type=\"section\" data-e-type=\"section\">\n\t\t\t\t\t\t<div class=\"elementor-container elementor-column-gap-default\">\n\t\t\t\t\t<div class=\"elementor-column elementor-col-100 elementor-top-column elementor-element elementor-element-0ee9380\" data-id=\"0ee9380\" data-element_type=\"column\" data-e-type=\"column\">\n\t\t\t<div class=\"elementor-widget-wrap elementor-element-populated\">\n\t\t\t\t\t\t<div class=\"elementor-element elementor-element-84f2093 elementor-grid-eael-col-3 elementor-grid-tablet-eael-col-2 elementor-grid-mobile-eael-col-1 elementor-widget elementor-widget-eael-post-grid\" data-id=\"84f2093\" data-element_type=\"widget\" data-e-type=\"widget\" data-settings=\"{&quot;eael_post_grid_columns&quot;:&quot;eael-col-3&quot;,&quot;eael_post_grid_columns_tablet&quot;:&quot;eael-col-2&quot;,&quot;eael_post_grid_columns_mobile&quot;:&quot;eael-col-1&quot;}\" data-widget_type=\"eael-post-grid.default\">\n\t\t\t\t\t<div id=\"eael-post-grid-84f2093\" class=\"eael-post-grid-container\">\n            <div class=\"eael-post-grid eael-post-appender eael-post-appender-84f2093 eael-post-grid-style-one\" data-layout-mode=\"grid\"><article class=\"eael-grid-post  eael-post-grid-column eael-pg-post-4496 category-formimi-profesional-keshilla-per-karrieren-kurse-ne-te-gjithe-boten-pune-e-perkohshme-kanada-pune-ne-shqiperi\" data-id=\"4496\">\n        <div class=\"eael-grid-post-holder\">\n            <div class=\"eael-grid-post-holder-inner\"><div class=\"eael-entry-media\"><div class=\"eael-entry-overlay fade-in\"><i class=\"fas fa-long-arrow-alt-right\" aria-hidden=\"true\"><\/i><a href=\"https:\/\/workandstudy.al\/al\/diplome-pas-universitare-ne-praktikat-e-infermierise\/\"><\/a><\/div><div class=\"eael-entry-thumbnail\">\n                <img fetchpriority=\"high\" decoding=\"async\" width=\"770\" height=\"470\" src=\"https:\/\/workandstudy.al\/wp-content\/uploads\/2020\/12\/nurse_1-770x470-1.jpg\" class=\"attachment-full size-full wp-image-4497\" alt=\"\" srcset=\"https:\/\/workandstudy.al\/wp-content\/uploads\/2020\/12\/nurse_1-770x470-1.jpg 770w, https:\/\/workandstudy.al\/wp-content\/uploads\/2020\/12\/nurse_1-770x470-1-300x183.jpg 300w, https:\/\/workandstudy.al\/wp-content\/uploads\/2020\/12\/nurse_1-770x470-1-768x469.jpg 768w\" sizes=\"(max-width: 770px) 100vw, 770px\" \/>\n            <\/div>\n        <\/div><div class=\"eael-entry-wrapper\"><header class=\"eael-entry-header\"><h5 class=\"eael-entry-title\"><a class=\"eael-grid-post-link\" href=\"https:\/\/workandstudy.al\/al\/diplome-pas-universitare-ne-praktikat-e-infermierise\/\" title=\"Diplom\u00eb pas Universitare n\u00eb Praktikat e Infermieris\u00eb\">Diplom\u00eb pas Universitare n\u00eb Praktikat e Infermieris\u00eb<\/a><\/h5><\/header><div class=\"eael-entry-content\">\n                        <div class=\"eael-grid-post-excerpt\"><p>Diploma pas Universitare n\u00eb Praktikat e Infermieris\u00eb \u00ebsht\u00eb nj\u00eb program...<\/p><a href=\"https:\/\/workandstudy.al\/al\/diplome-pas-universitare-ne-praktikat-e-infermierise\/\" class=\"eael-post-elements-readmore-btn\">Read More<\/a><\/div>\n                    <\/div><div class=\"eael-entry-footer\"><div class=\"eael-entry-meta\"><\/div><\/div><\/div><\/div>\n        <\/div>\n    <\/article><article class=\"eael-grid-post  eael-post-grid-column eael-pg-post-3747 category-pune-e-perkohshme-kanada\" data-id=\"3747\">\n        <div class=\"eael-grid-post-holder\">\n            <div class=\"eael-grid-post-holder-inner\"><div class=\"eael-entry-wrapper\"><header class=\"eael-entry-header\"><h5 class=\"eael-entry-title\"><a class=\"eael-grid-post-link\" href=\"https:\/\/workandstudy.al\/al\/pune-e-perkohshme-ne-kanada\/\" title=\"Pune e perkohshme ne Kanada\">Pune e perkohshme ne Kanada<\/a><\/h5><\/header><div class=\"eael-entry-content\">\n                        <div class=\"eael-grid-post-excerpt\"><p>Ne iu asistojme ne kerkimin tuaj per pune sezonale ne...<\/p><a href=\"https:\/\/workandstudy.al\/al\/pune-e-perkohshme-ne-kanada\/\" class=\"eael-post-elements-readmore-btn\">Read More<\/a><\/div>\n                    <\/div><div class=\"eael-entry-footer\"><div class=\"eael-entry-meta\"><\/div><\/div><\/div><\/div>\n        <\/div>\n    <\/article><\/div>\n            <div class=\"clearfix\"><\/div>\n        <\/div>\t\t\t\t<\/div>\n\t\t\t\t\t<\/div>\n\t\t<\/div>\n\t\t\t\t\t<\/div>\n\t\t<\/section>\n\t\t\t\t<section class=\"elementor-section elementor-top-section elementor-element elementor-element-19b6eb8 elementor-section-boxed elementor-section-height-default elementor-section-height-default\" data-id=\"19b6eb8\" data-element_type=\"section\" data-e-type=\"section\">\n\t\t\t\t\t\t<div class=\"elementor-container elementor-column-gap-default\">\n\t\t\t\t\t<div class=\"elementor-column elementor-col-100 elementor-top-column elementor-element elementor-element-228a516\" data-id=\"228a516\" data-element_type=\"column\" data-e-type=\"column\">\n\t\t\t<div class=\"elementor-widget-wrap elementor-element-populated\">\n\t\t\t\t\t\t\t<\/div>\n\t\t<\/div>\n\t\t\t\t\t<\/div>\n\t\t<\/section>\n\t\t\t\t<section class=\"elementor-section elementor-top-section elementor-element elementor-element-8731274 elementor-section-boxed elementor-section-height-default elementor-section-height-default\" data-id=\"8731274\" data-element_type=\"section\" data-e-type=\"section\">\n\t\t\t\t\t\t<div class=\"elementor-container elementor-column-gap-default\">\n\t\t\t\t\t<div class=\"elementor-column elementor-col-100 elementor-top-column elementor-element elementor-element-f56952e\" data-id=\"f56952e\" data-element_type=\"column\" data-e-type=\"column\">\n\t\t\t<div class=\"elementor-widget-wrap elementor-element-populated\">\n\t\t\t\t\t\t\t<\/div>\n\t\t<\/div>\n\t\t\t\t\t<\/div>\n\t\t<\/section>\n\t\t\t\t<\/div>","protected":false},"excerpt":{"rendered":"<p>Pun\u00ebsim n\u00eb Kanada. Diplom\u00eb pas Universitare n\u00eb Praktikat e Infermieris\u00eb Diploma pas Universitare n\u00eb Praktikat e Infermieris\u00eb \u00ebsht\u00eb nj\u00eb program&#8230; Read More Pune e perkohshme ne Kanada Ne iu asistojme ne kerkimin tuaj per pune sezonale ne&#8230; Read More<\/p>","protected":false},"author":1,"featured_media":0,"parent":0,"menu_order":0,"comment_status":"closed","ping_status":"closed","template":"","meta":{"site-sidebar-layout":"no-sidebar","site-content-layout":"page-builder","ast-site-content-layout":"default","site-content-style":"default","site-sidebar-style":"default","ast-global-header-display":"","ast-banner-title-visibility":"","ast-main-header-display":"","ast-hfb-above-header-display":"","ast-hfb-below-header-display":"","ast-hfb-mobile-header-display":"","site-post-title":"disabled","ast-breadcrumbs-content":"","ast-featured-img":"disabled","footer-sml-layout":"","ast-disable-related-posts":"","theme-transparent-header-meta":"default","adv-header-id-meta":"","stick-header-meta":"","header-above-stick-meta":"","header-main-stick-meta":"","header-below-stick-meta":"","astra-migrate-meta-layouts":"default","ast-page-background-enabled":"default","ast-page-background-meta":{"desktop":{"background-color":"var(--ast-global-color-4)","background-image":"","background-repeat":"repeat","background-position":"center center","background-size":"auto","background-attachment":"scroll","background-type":"","background-media":"","overlay-type":"","overlay-color":"","overlay-opacity":"","overlay-gradient":""},"tablet":{"background-color":"","background-image":"","background-repeat":"repeat","background-position":"center center","background-size":"auto","background-attachment":"scroll","background-type":"","background-media":"","overlay-type":"","overlay-color":"","overlay-opacity":"","overlay-gradient":""},"mobile":{"background-color":"","background-image":"","background-repeat":"repeat","background-position":"center center","background-size":"auto","background-attachment":"scroll","background-type":"","background-media":"","overlay-type":"","overlay-color":"","overlay-opacity":"","overlay-gradient":""}},"ast-content-background-meta":{"desktop":{"background-color":"var(--ast-global-color-5)","background-image":"","background-repeat":"repeat","background-position":"center center","background-size":"auto","background-attachment":"scroll","background-type":"","background-media":"","overlay-type":"","overlay-color":"","overlay-opacity":"","overlay-gradient":""},"tablet":{"background-color":"var(--ast-global-color-5)","background-image":"","background-repeat":"repeat","background-position":"center center","background-size":"auto","background-attachment":"scroll","background-type":"","background-media":"","overlay-type":"","overlay-color":"","overlay-opacity":"","overlay-gradient":""},"mobile":{"background-color":"var(--ast-global-color-5)","background-image":"","background-repeat":"repeat","background-position":"center center","background-size":"auto","background-attachment":"scroll","background-type":"","background-media":"","overlay-type":"","overlay-color":"","overlay-opacity":"","overlay-gradient":""}},"_joinchat":[],"footnotes":""},"class_list":["post-3230","page","type-page","status-publish","hentry"],"aioseo_notices":[],"yoast_head":"<!-- This site is optimized with the Yoast SEO plugin v24.6 - https:\/\/yoast.com\/wordpress\/plugins\/seo\/ -->\n<title>Pun\u00eb e P\u00ebrkohshme Kanada - Work and Study - Part of Tik Agency Group<\/title>\n<meta name=\"robots\" content=\"index, follow, max-snippet:-1, max-image-preview:large, max-video-preview:-1\" \/>\n<link rel=\"canonical\" href=\"https:\/\/workandstudy.al\/al\/pune-e-perkohshme-kanada\/\" \/>\n<meta property=\"og:locale\" content=\"sq_AL\" \/>\n<meta property=\"og:type\" content=\"article\" \/>\n<meta property=\"og:title\" content=\"Pun\u00eb e P\u00ebrkohshme Kanada - Work and Study - Part of Tik Agency Group\" \/>\n<meta property=\"og:description\" content=\"Pun\u00ebsim n\u00eb Kanada. Diplom\u00eb pas Universitare n\u00eb Praktikat e Infermieris\u00eb Diploma pas Universitare n\u00eb Praktikat e Infermieris\u00eb \u00ebsht\u00eb nj\u00eb program&#8230; Read More Pune e perkohshme ne Kanada Ne iu asistojme ne kerkimin tuaj per pune sezonale ne&#8230; Read More\" \/>\n<meta property=\"og:url\" content=\"https:\/\/workandstudy.al\/al\/pune-e-perkohshme-kanada\/\" \/>\n<meta property=\"og:site_name\" content=\"Work and Study - Part of Tik Agency Group\" \/>\n<meta property=\"article:modified_time\" content=\"2020-12-17T14:44:03+00:00\" \/>\n<meta property=\"og:image\" content=\"https:\/\/workandstudy.al\/wp-content\/uploads\/2020\/12\/nurse_1-770x470-1.jpg\" \/>\n\t<meta property=\"og:image:width\" content=\"770\" \/>\n\t<meta property=\"og:image:height\" content=\"470\" \/>\n\t<meta property=\"og:image:type\" content=\"image\/jpeg\" \/>\n<meta name=\"twitter:card\" content=\"summary_large_image\" \/>\n<script type=\"application\/ld+json\" class=\"yoast-schema-graph\">{\"@context\":\"https:\/\/schema.org\",\"@graph\":[{\"@type\":\"WebPage\",\"@id\":\"https:\/\/workandstudy.al\/al\/pune-e-perkohshme-kanada\/\",\"url\":\"https:\/\/workandstudy.al\/al\/pune-e-perkohshme-kanada\/\",\"name\":\"Pun\u00eb e P\u00ebrkohshme Kanada - Work and Study - Part of Tik Agency Group\",\"isPartOf\":{\"@id\":\"https:\/\/workandstudy.al\/#website\"},\"primaryImageOfPage\":{\"@id\":\"https:\/\/workandstudy.al\/al\/pune-e-perkohshme-kanada\/#primaryimage\"},\"image\":{\"@id\":\"https:\/\/workandstudy.al\/al\/pune-e-perkohshme-kanada\/#primaryimage\"},\"thumbnailUrl\":\"https:\/\/workandstudy.al\/wp-content\/uploads\/2020\/12\/nurse_1-770x470-1.jpg\",\"datePublished\":\"2020-09-23T20:01:54+00:00\",\"dateModified\":\"2020-12-17T14:44:03+00:00\",\"breadcrumb\":{\"@id\":\"https:\/\/workandstudy.al\/al\/pune-e-perkohshme-kanada\/#breadcrumb\"},\"inLanguage\":\"sq\",\"potentialAction\":[{\"@type\":\"ReadAction\",\"target\":[\"https:\/\/workandstudy.al\/al\/pune-e-perkohshme-kanada\/\"]}]},{\"@type\":\"ImageObject\",\"inLanguage\":\"sq\",\"@id\":\"https:\/\/workandstudy.al\/al\/pune-e-perkohshme-kanada\/#primaryimage\",\"url\":\"https:\/\/workandstudy.al\/wp-content\/uploads\/2020\/12\/nurse_1-770x470-1.jpg\",\"contentUrl\":\"https:\/\/workandstudy.al\/wp-content\/uploads\/2020\/12\/nurse_1-770x470-1.jpg\"},{\"@type\":\"BreadcrumbList\",\"@id\":\"https:\/\/workandstudy.al\/al\/pune-e-perkohshme-kanada\/#breadcrumb\",\"itemListElement\":[{\"@type\":\"ListItem\",\"position\":1,\"name\":\"Home\",\"item\":\"https:\/\/workandstudy.al\/\"},{\"@type\":\"ListItem\",\"position\":2,\"name\":\"Pun\u00eb e P\u00ebrkohshme Kanada\"}]},{\"@type\":\"WebSite\",\"@id\":\"https:\/\/workandstudy.al\/#website\",\"url\":\"https:\/\/workandstudy.al\/\",\"name\":\"Work and Study - Part of Tik Agency Group\",\"description\":\"\",\"publisher\":{\"@id\":\"https:\/\/workandstudy.al\/#organization\"},\"potentialAction\":[{\"@type\":\"SearchAction\",\"target\":{\"@type\":\"EntryPoint\",\"urlTemplate\":\"https:\/\/workandstudy.al\/?s={search_term_string}\"},\"query-input\":{\"@type\":\"PropertyValueSpecification\",\"valueRequired\":true,\"valueName\":\"search_term_string\"}}],\"inLanguage\":\"sq\"},{\"@type\":\"Organization\",\"@id\":\"https:\/\/workandstudy.al\/#organization\",\"name\":\"Work and Study - Part of Tik Agency Group\",\"url\":\"https:\/\/workandstudy.al\/\",\"logo\":{\"@type\":\"ImageObject\",\"inLanguage\":\"sq\",\"@id\":\"https:\/\/workandstudy.al\/#\/schema\/logo\/image\/\",\"url\":\"https:\/\/workandstudy.al\/wp-content\/uploads\/2025\/03\/logo1.png\",\"contentUrl\":\"https:\/\/workandstudy.al\/wp-content\/uploads\/2025\/03\/logo1.png\",\"width\":420,\"height\":420,\"caption\":\"Work and Study - Part of Tik Agency Group\"},\"image\":{\"@id\":\"https:\/\/workandstudy.al\/#\/schema\/logo\/image\/\"}}]}<\/script>\n<!-- \/ Yoast SEO plugin. -->","yoast_head_json":{"title":"Pun\u00eb e P\u00ebrkohshme Kanada - Work and Study - Part of Tik Agency Group","robots":{"index":"index","follow":"follow","max-snippet":"max-snippet:-1","max-image-preview":"max-image-preview:large","max-video-preview":"max-video-preview:-1"},"canonical":"https:\/\/workandstudy.al\/al\/pune-e-perkohshme-kanada\/","og_locale":"sq_AL","og_type":"article","og_title":"Pun\u00eb e P\u00ebrkohshme Kanada - Work and Study - Part of Tik Agency Group","og_description":"Pun\u00ebsim n\u00eb Kanada. Diplom\u00eb pas Universitare n\u00eb Praktikat e Infermieris\u00eb Diploma pas Universitare n\u00eb Praktikat e Infermieris\u00eb \u00ebsht\u00eb nj\u00eb program&#8230; Read More Pune e perkohshme ne Kanada Ne iu asistojme ne kerkimin tuaj per pune sezonale ne&#8230; Read More","og_url":"https:\/\/workandstudy.al\/al\/pune-e-perkohshme-kanada\/","og_site_name":"Work and Study - Part of Tik Agency Group","article_modified_time":"2020-12-17T14:44:03+00:00","og_image":[{"width":770,"height":470,"url":"https:\/\/workandstudy.al\/wp-content\/uploads\/2020\/12\/nurse_1-770x470-1.jpg","type":"image\/jpeg"}],"twitter_card":"summary_large_image","schema":{"@context":"https:\/\/schema.org","@graph":[{"@type":"WebPage","@id":"https:\/\/workandstudy.al\/al\/pune-e-perkohshme-kanada\/","url":"https:\/\/workandstudy.al\/al\/pune-e-perkohshme-kanada\/","name":"Pun\u00eb e P\u00ebrkohshme Kanada - Work and Study - Part of Tik Agency Group","isPartOf":{"@id":"https:\/\/workandstudy.al\/#website"},"primaryImageOfPage":{"@id":"https:\/\/workandstudy.al\/al\/pune-e-perkohshme-kanada\/#primaryimage"},"image":{"@id":"https:\/\/workandstudy.al\/al\/pune-e-perkohshme-kanada\/#primaryimage"},"thumbnailUrl":"https:\/\/workandstudy.al\/wp-content\/uploads\/2020\/12\/nurse_1-770x470-1.jpg","datePublished":"2020-09-23T20:01:54+00:00","dateModified":"2020-12-17T14:44:03+00:00","breadcrumb":{"@id":"https:\/\/workandstudy.al\/al\/pune-e-perkohshme-kanada\/#breadcrumb"},"inLanguage":"sq","potentialAction":[{"@type":"ReadAction","target":["https:\/\/workandstudy.al\/al\/pune-e-perkohshme-kanada\/"]}]},{"@type":"ImageObject","inLanguage":"sq","@id":"https:\/\/workandstudy.al\/al\/pune-e-perkohshme-kanada\/#primaryimage","url":"https:\/\/workandstudy.al\/wp-content\/uploads\/2020\/12\/nurse_1-770x470-1.jpg","contentUrl":"https:\/\/workandstudy.al\/wp-content\/uploads\/2020\/12\/nurse_1-770x470-1.jpg"},{"@type":"BreadcrumbList","@id":"https:\/\/workandstudy.al\/al\/pune-e-perkohshme-kanada\/#breadcrumb","itemListElement":[{"@type":"ListItem","position":1,"name":"Home","item":"https:\/\/workandstudy.al\/"},{"@type":"ListItem","position":2,"name":"Pun\u00eb e P\u00ebrkohshme Kanada"}]},{"@type":"WebSite","@id":"https:\/\/workandstudy.al\/#website","url":"https:\/\/workandstudy.al\/","name":"Work and Study - Part of Tik Agency Group","description":"","publisher":{"@id":"https:\/\/workandstudy.al\/#organization"},"potentialAction":[{"@type":"SearchAction","target":{"@type":"EntryPoint","urlTemplate":"https:\/\/workandstudy.al\/?s={search_term_string}"},"query-input":{"@type":"PropertyValueSpecification","valueRequired":true,"valueName":"search_term_string"}}],"inLanguage":"sq"},{"@type":"Organization","@id":"https:\/\/workandstudy.al\/#organization","name":"Work and Study - Part of Tik Agency Group","url":"https:\/\/workandstudy.al\/","logo":{"@type":"ImageObject","inLanguage":"sq","@id":"https:\/\/workandstudy.al\/#\/schema\/logo\/image\/","url":"https:\/\/workandstudy.al\/wp-content\/uploads\/2025\/03\/logo1.png","contentUrl":"https:\/\/workandstudy.al\/wp-content\/uploads\/2025\/03\/logo1.png","width":420,"height":420,"caption":"Work and Study - Part of Tik Agency Group"},"image":{"@id":"https:\/\/workandstudy.al\/#\/schema\/logo\/image\/"}}]}},"_links":{"self":[{"href":"https:\/\/workandstudy.al\/al\/wp-json\/wp\/v2\/pages\/3230","targetHints":{"allow":["GET"]}}],"collection":[{"href":"https:\/\/workandstudy.al\/al\/wp-json\/wp\/v2\/pages"}],"about":[{"href":"https:\/\/workandstudy.al\/al\/wp-json\/wp\/v2\/types\/page"}],"author":[{"embeddable":true,"href":"https:\/\/workandstudy.al\/al\/wp-json\/wp\/v2\/users\/1"}],"replies":[{"embeddable":true,"href":"https:\/\/workandstudy.al\/al\/wp-json\/wp\/v2\/comments?post=3230"}],"version-history":[{"count":5,"href":"https:\/\/workandstudy.al\/al\/wp-json\/wp\/v2\/pages\/3230\/revisions"}],"predecessor-version":[{"id":4594,"href":"https:\/\/workandstudy.al\/al\/wp-json\/wp\/v2\/pages\/3230\/revisions\/4594"}],"wp:attachment":[{"href":"https:\/\/workandstudy.al\/al\/wp-json\/wp\/v2\/media?parent=3230"}],"curies":[{"name":"wp","href":"https:\/\/api.w.org\/{rel}","templated":true}]}}