{"id":5576,"date":"2022-05-27T14:23:38","date_gmt":"2022-05-27T12:23:38","guid":{"rendered":"https:\/\/workandstudy.al\/?page_id=5576"},"modified":"2022-05-27T14:23:38","modified_gmt":"2022-05-27T12:23:38","slug":"studio-ne-freie-universitat-berlin","status":"publish","type":"page","link":"https:\/\/workandstudy.al\/al\/studio-ne-freie-universitat-berlin\/","title":{"rendered":"STUDIO N\u00cb FREIE UNIVERSIT\u00c4T BERLIN"},"content":{"rendered":"<p><span style=\"font-weight: 400;\">Freie Universit\u00e4t Berlin \u00ebsht\u00eb nj\u00eb universitet i ri dhe dinamik, i vendosur n\u00eb nj\u00eb nga qytetet m\u00eb t\u00eb bukura n\u00eb bot\u00eb. Nj\u00eb vend q\u00eb ofron dije dhe pun\u00eb k\u00ebrkimore q\u00eb njihet nd\u00ebrkombtarisht, i cili ka nd\u00ebrtuar lidhje t\u00eb forta n\u00eb mbar\u00eb globin q\u00eb n\u00eb fillimet e tij. Ky universitet ofron nj\u00eb mjedis fantastik p\u00ebr t\u00eb studiuar\u00a0 dhe p\u00ebr t\u00eb b\u00ebr\u00eb pun\u00eb k\u00ebrkimore mbi tema t\u00eb ndryshme dhe konsiderohet si nj\u00eb nga universitetet m\u00eb t\u00eb mira n\u00eb Gjermani. Gjat\u00eb studimeve t\u00eb tyre, student\u00ebt kan\u00eb mund\u00ebsin\u00eb fantastike p\u00ebr t\u00eb shfryt\u00ebzuar burimet dhe shum\u00eb institucione k\u00ebrkimore q\u00eb ndodhen pran\u00eb p\u00ebr t\u00eb ndjekur k\u00ebrkime novatore dhe n\u00eb t\u00eb nj\u00ebjt\u00ebn koh\u00eb t\u00eb shijojn\u00eb jet\u00ebn sociale dhe kulturore t\u00eb kryeqytetit t\u00eb Gjermanis\u00eb.<\/span><\/p>\n<p>&nbsp;<\/p>\n<p><span style=\"font-weight: 400;\">Me nj\u00eb natyr\u00eb nd\u00ebrdisiplinore, fushat kryesore k\u00ebrkimore n\u00eb Freie Universit\u00e4t Berlin ofrohen fal\u00eb marrdh\u00ebnieve t\u00eb universitetit me nj\u00eb gam\u00eb t\u00eb gjer\u00eb lidhjesh akademike. Freie Universit\u00e4t Berlin ofron spektrin m\u00eb t\u00eb gjer\u00eb t\u00eb mund\u00ebsive k\u00ebrkimore n\u00eb fushat humane n\u00eb Gjermani. Qendra Dalhem Humanities ofron nj\u00eb num\u00ebr t\u00eb gjer\u00eb t\u00eb l\u00ebnd\u00ebve t\u00eb specializuara, q\u00eb varjojn\u00eb nga programe t\u00eb ndryshme t\u00eb gjuh\u00ebve t\u00eb huaja deri tek studime t\u00eb feve dhe nga arkeologjia n\u00eb studime p\u00ebr regji. Shkencat e natyr\u00ebs jan\u00eb fokus kryesor n\u00eb universitet, ve\u00e7an\u00ebsisht n\u00eb fushat e shkencave e jet\u00ebs, shkencat e tok\u00ebs, fizik\u00eb, matematik\u00eb dhe shkenca kompjuterike. Freie Universit\u00e4t Berlin \u00ebsht\u00eb zot\u00ebrues i nj\u00eb prej pes\u00eb shollave t\u00eb veterinaris\u00eb n\u00eb Gjermani si dhe e nje nga instituteve farmaceutike m\u00eb t\u00eb m\u00ebdha n\u00eb gjith\u00eb vendin. N\u00eb fush\u00ebn e sh\u00ebndet\u00ebsis\u00eb dhe medikamenteve gjithashtu, Chari<\/span><span style=\"font-weight: 400;\">t<\/span><span style=\"font-weight: 400;\">\u00e9 \u2013 Universit\u00e4tsmedizin Berlin \u00ebsht\u00eb shkolla mjek\u00ebsore e kombinuar e Freie Universit\u00e4t Berlin dhe Humboldt Universit\u00e4t, nj\u00eb institucion i kombinuar me tradit\u00ebn. Ai krenohet me fakultetin mjek\u00ebsor m\u00eb t\u00eb madh n\u00eb Europ\u00eb dhe \u00ebsht\u00eb nj\u00eb nga institucionet sh\u00ebndet\u00ebsore m\u00eb t\u00eb vjetra n\u00eb Gjermani.<\/span><\/p>\n<p>&nbsp;<\/p>\n<p><span style=\"font-weight: 400;\">Freie Universit\u00e4t \u00ebsht\u00eb nj\u00eb universitet me nj\u00eb spekt\u00ebr t\u00eb gjer\u00eb, i p\u00ebrb\u00ebr\u00eb nga dymb\u00ebdhjet\u00eb departamente dhe tre institute q\u00ebndrore q\u00eb bashk\u00eb ofrojn\u00eb m\u00eb shum\u00eb se 150 programe akademike t\u00eb ndryshme n\u00eb nj\u00eb gam\u00eb t\u00eb gjer\u00eb disiplinash n\u00eb shkenca humane, shkenca shoq\u00ebrore dhe shkenca natyrore. Universiteti ofron programe q\u00eb t\u00eb cojn\u00eb perftimin e diplomave akademike, nga diploma Bachelor-i, Master-i deri tek provimet shtet\u00ebrore, doktoratura dhe habilitim. Me nj\u00eb kapacitet prej 28,500 studente dhe 4,300 kandidate doktorature, Freie Universit\u00e4t \u00ebsht\u00eb universiteti me i madh n\u00eb Berlin.<\/span><\/p>\n<p>&nbsp;<\/p>\n<p><span style=\"font-weight: 400;\">Freie Universit\u00e4t Berlin ka shum\u00eb librari q\u00eb jan\u00eb t\u00eb disponueshme p\u00ebr student\u00ebt. Libraria kryesore q\u00eb ka 2 milion libra dhe artikuj, databaza t\u00eb pafundme, e-book dhe burime t\u00eb tjera elektronike \u00ebsht\u00eb libraria m\u00eb gjith\u00ebp\u00ebrfshir\u00ebse e universitetit. Edhe libra t\u00eb tjer\u00eb dhe burime mund t\u00eb huazohen sipas nevoj\u00ebs, duke p\u00ebrfshir\u00eb t\u00eb gjith\u00eb temat e diplom\u00ebs t\u00eb doktoratur\u00ebs t\u00eb b\u00ebra n\u00eb universitet, t\u00eb cilat jan\u00eb t\u00eb depozituara n\u00eb librari dhe t\u00eb disponueshme sipas k\u00ebrkes\u00ebs. Koleksione shum\u00eb t\u00eb specializuara p\u00ebr tema t\u00eb ndryshme gjenden kryesisht n\u00eb bibliotekat e departamenteve. Sistemi IT i kampusit \u00ebsht\u00eb nj\u00eb nga m\u00eb t\u00eb mir\u00ebt n\u00eb mesin e universiteteve gjermane.<\/span><\/p>","protected":false},"excerpt":{"rendered":"<p>Freie Universit\u00e4t Berlin \u00ebsht\u00eb nj\u00eb universitet i ri dhe dinamik, i vendosur n\u00eb nj\u00eb nga qytetet m\u00eb t\u00eb bukura n\u00eb bot\u00eb. Nj\u00eb vend q\u00eb ofron dije dhe pun\u00eb k\u00ebrkimore q\u00eb njihet nd\u00ebrkombtarisht, i cili ka nd\u00ebrtuar lidhje t\u00eb forta n\u00eb mbar\u00eb globin q\u00eb n\u00eb fillimet e tij. Ky universitet ofron nj\u00eb mjedis fantastik p\u00ebr t\u00eb [&hellip;]<\/p>","protected":false},"author":1,"featured_media":5577,"parent":0,"menu_order":0,"comment_status":"closed","ping_status":"closed","template":"","meta":{"site-sidebar-layout":"default","site-content-layout":"default","ast-site-content-layout":"","site-content-style":"default","site-sidebar-style":"default","ast-global-header-display":"","ast-banner-title-visibility":"","ast-main-header-display":"","ast-hfb-above-header-display":"","ast-hfb-below-header-display":"","ast-hfb-mobile-header-display":"","site-post-title":"","ast-breadcrumbs-content":"","ast-featured-img":"","footer-sml-layout":"","theme-transparent-header-meta":"default","adv-header-id-meta":"","stick-header-meta":"","header-above-stick-meta":"","header-main-stick-meta":"","header-below-stick-meta":"","astra-migrate-meta-layouts":"default","ast-page-background-enabled":"default","ast-page-background-meta":{"desktop":{"background-color":"var(--ast-global-color-4)","background-image":"","background-repeat":"repeat","background-position":"center center","background-size":"auto","background-attachment":"scroll","background-type":"","background-media":"","overlay-type":"","overlay-color":"","overlay-opacity":"","overlay-gradient":""},"tablet":{"background-color":"","background-image":"","background-repeat":"repeat","background-position":"center center","background-size":"auto","background-attachment":"scroll","background-type":"","background-media":"","overlay-type":"","overlay-color":"","overlay-opacity":"","overlay-gradient":""},"mobile":{"background-color":"","background-image":"","background-repeat":"repeat","background-position":"center center","background-size":"auto","background-attachment":"scroll","background-type":"","background-media":"","overlay-type":"","overlay-color":"","overlay-opacity":"","overlay-gradient":""}},"ast-content-background-meta":{"desktop":{"background-color":"var(--ast-global-color-5)","background-image":"","background-repeat":"repeat","background-position":"center center","background-size":"auto","background-attachment":"scroll","background-type":"","background-media":"","overlay-type":"","overlay-color":"","overlay-opacity":"","overlay-gradient":""},"tablet":{"background-color":"var(--ast-global-color-5)","background-image":"","background-repeat":"repeat","background-position":"center center","background-size":"auto","background-attachment":"scroll","background-type":"","background-media":"","overlay-type":"","overlay-color":"","overlay-opacity":"","overlay-gradient":""},"mobile":{"background-color":"var(--ast-global-color-5)","background-image":"","background-repeat":"repeat","background-position":"center center","background-size":"auto","background-attachment":"scroll","background-type":"","background-media":"","overlay-type":"","overlay-color":"","overlay-opacity":"","overlay-gradient":""}},"_joinchat":[],"footnotes":""},"class_list":["post-5576","page","type-page","status-publish","has-post-thumbnail","hentry"],"aioseo_notices":[],"yoast_head":"<!-- This site is optimized with the Yoast SEO plugin v24.6 - https:\/\/yoast.com\/wordpress\/plugins\/seo\/ -->\n<title>STUDIO N\u00cb FREIE UNIVERSIT\u00c4T BERLIN - Work and Study - Part of Tik Agency Group<\/title>\n<meta name=\"robots\" content=\"index, follow, max-snippet:-1, max-image-preview:large, max-video-preview:-1\" \/>\n<link rel=\"canonical\" href=\"https:\/\/workandstudy.al\/al\/studio-ne-freie-universitat-berlin\/\" \/>\n<meta property=\"og:locale\" content=\"sq_AL\" \/>\n<meta property=\"og:type\" content=\"article\" \/>\n<meta property=\"og:title\" content=\"STUDIO N\u00cb FREIE UNIVERSIT\u00c4T BERLIN - Work and Study - Part of Tik Agency Group\" \/>\n<meta property=\"og:description\" content=\"Freie Universit\u00e4t Berlin \u00ebsht\u00eb nj\u00eb universitet i ri dhe dinamik, i vendosur n\u00eb nj\u00eb nga qytetet m\u00eb t\u00eb bukura n\u00eb bot\u00eb. Nj\u00eb vend q\u00eb ofron dije dhe pun\u00eb k\u00ebrkimore q\u00eb njihet nd\u00ebrkombtarisht, i cili ka nd\u00ebrtuar lidhje t\u00eb forta n\u00eb mbar\u00eb globin q\u00eb n\u00eb fillimet e tij. Ky universitet ofron nj\u00eb mjedis fantastik p\u00ebr t\u00eb [&hellip;]\" \/>\n<meta property=\"og:url\" content=\"https:\/\/workandstudy.al\/al\/studio-ne-freie-universitat-berlin\/\" \/>\n<meta property=\"og:site_name\" content=\"Work and Study - Part of Tik Agency Group\" \/>\n<meta property=\"og:image\" content=\"https:\/\/workandstudy.al\/wp-content\/uploads\/2022\/05\/freie-universitat-berlin.jpg\" \/>\n\t<meta property=\"og:image:width\" content=\"930\" \/>\n\t<meta property=\"og:image:height\" content=\"619\" \/>\n\t<meta property=\"og:image:type\" content=\"image\/jpeg\" \/>\n<meta name=\"twitter:card\" content=\"summary_large_image\" \/>\n<meta name=\"twitter:label1\" content=\"Est. reading time\" \/>\n\t<meta name=\"twitter:data1\" content=\"3 minuta\" \/>\n<script type=\"application\/ld+json\" class=\"yoast-schema-graph\">{\"@context\":\"https:\/\/schema.org\",\"@graph\":[{\"@type\":\"WebPage\",\"@id\":\"https:\/\/workandstudy.al\/studio-ne-freie-universitat-berlin\/\",\"url\":\"https:\/\/workandstudy.al\/studio-ne-freie-universitat-berlin\/\",\"name\":\"STUDIO N\u00cb FREIE UNIVERSIT\u00c4T BERLIN - Work and Study - Part of Tik Agency Group\",\"isPartOf\":{\"@id\":\"https:\/\/workandstudy.al\/#website\"},\"primaryImageOfPage\":{\"@id\":\"https:\/\/workandstudy.al\/studio-ne-freie-universitat-berlin\/#primaryimage\"},\"image\":{\"@id\":\"https:\/\/workandstudy.al\/studio-ne-freie-universitat-berlin\/#primaryimage\"},\"thumbnailUrl\":\"https:\/\/workandstudy.al\/wp-content\/uploads\/2022\/05\/freie-universitat-berlin.jpg\",\"datePublished\":\"2022-05-27T12:23:38+00:00\",\"breadcrumb\":{\"@id\":\"https:\/\/workandstudy.al\/studio-ne-freie-universitat-berlin\/#breadcrumb\"},\"inLanguage\":\"sq\",\"potentialAction\":[{\"@type\":\"ReadAction\",\"target\":[\"https:\/\/workandstudy.al\/studio-ne-freie-universitat-berlin\/\"]}]},{\"@type\":\"ImageObject\",\"inLanguage\":\"sq\",\"@id\":\"https:\/\/workandstudy.al\/studio-ne-freie-universitat-berlin\/#primaryimage\",\"url\":\"https:\/\/workandstudy.al\/wp-content\/uploads\/2022\/05\/freie-universitat-berlin.jpg\",\"contentUrl\":\"https:\/\/workandstudy.al\/wp-content\/uploads\/2022\/05\/freie-universitat-berlin.jpg\",\"width\":930,\"height\":619},{\"@type\":\"BreadcrumbList\",\"@id\":\"https:\/\/workandstudy.al\/studio-ne-freie-universitat-berlin\/#breadcrumb\",\"itemListElement\":[{\"@type\":\"ListItem\",\"position\":1,\"name\":\"Home\",\"item\":\"https:\/\/workandstudy.al\/\"},{\"@type\":\"ListItem\",\"position\":2,\"name\":\"STUDIO N\u00cb FREIE UNIVERSIT\u00c4T BERLIN\"}]},{\"@type\":\"WebSite\",\"@id\":\"https:\/\/workandstudy.al\/#website\",\"url\":\"https:\/\/workandstudy.al\/\",\"name\":\"Work and Study - Part of Tik Agency Group\",\"description\":\"\",\"publisher\":{\"@id\":\"https:\/\/workandstudy.al\/#organization\"},\"potentialAction\":[{\"@type\":\"SearchAction\",\"target\":{\"@type\":\"EntryPoint\",\"urlTemplate\":\"https:\/\/workandstudy.al\/?s={search_term_string}\"},\"query-input\":{\"@type\":\"PropertyValueSpecification\",\"valueRequired\":true,\"valueName\":\"search_term_string\"}}],\"inLanguage\":\"sq\"},{\"@type\":\"Organization\",\"@id\":\"https:\/\/workandstudy.al\/#organization\",\"name\":\"Work and Study - Part of Tik Agency Group\",\"url\":\"https:\/\/workandstudy.al\/\",\"logo\":{\"@type\":\"ImageObject\",\"inLanguage\":\"sq\",\"@id\":\"https:\/\/workandstudy.al\/#\/schema\/logo\/image\/\",\"url\":\"https:\/\/workandstudy.al\/wp-content\/uploads\/2025\/03\/logo1.png\",\"contentUrl\":\"https:\/\/workandstudy.al\/wp-content\/uploads\/2025\/03\/logo1.png\",\"width\":420,\"height\":420,\"caption\":\"Work and Study - Part of Tik Agency Group\"},\"image\":{\"@id\":\"https:\/\/workandstudy.al\/#\/schema\/logo\/image\/\"}}]}<\/script>\n<!-- \/ Yoast SEO plugin. -->","yoast_head_json":{"title":"STUDIO N\u00cb FREIE UNIVERSIT\u00c4T BERLIN - Work and Study - Part of Tik Agency Group","robots":{"index":"index","follow":"follow","max-snippet":"max-snippet:-1","max-image-preview":"max-image-preview:large","max-video-preview":"max-video-preview:-1"},"canonical":"https:\/\/workandstudy.al\/al\/studio-ne-freie-universitat-berlin\/","og_locale":"sq_AL","og_type":"article","og_title":"STUDIO N\u00cb FREIE UNIVERSIT\u00c4T BERLIN - Work and Study - Part of Tik Agency Group","og_description":"Freie Universit\u00e4t Berlin \u00ebsht\u00eb nj\u00eb universitet i ri dhe dinamik, i vendosur n\u00eb nj\u00eb nga qytetet m\u00eb t\u00eb bukura n\u00eb bot\u00eb. Nj\u00eb vend q\u00eb ofron dije dhe pun\u00eb k\u00ebrkimore q\u00eb njihet nd\u00ebrkombtarisht, i cili ka nd\u00ebrtuar lidhje t\u00eb forta n\u00eb mbar\u00eb globin q\u00eb n\u00eb fillimet e tij. Ky universitet ofron nj\u00eb mjedis fantastik p\u00ebr t\u00eb [&hellip;]","og_url":"https:\/\/workandstudy.al\/al\/studio-ne-freie-universitat-berlin\/","og_site_name":"Work and Study - Part of Tik Agency Group","og_image":[{"width":930,"height":619,"url":"https:\/\/workandstudy.al\/wp-content\/uploads\/2022\/05\/freie-universitat-berlin.jpg","type":"image\/jpeg"}],"twitter_card":"summary_large_image","twitter_misc":{"Est. reading time":"3 minuta"},"schema":{"@context":"https:\/\/schema.org","@graph":[{"@type":"WebPage","@id":"https:\/\/workandstudy.al\/studio-ne-freie-universitat-berlin\/","url":"https:\/\/workandstudy.al\/studio-ne-freie-universitat-berlin\/","name":"STUDIO N\u00cb FREIE UNIVERSIT\u00c4T BERLIN - Work and Study - Part of Tik Agency Group","isPartOf":{"@id":"https:\/\/workandstudy.al\/#website"},"primaryImageOfPage":{"@id":"https:\/\/workandstudy.al\/studio-ne-freie-universitat-berlin\/#primaryimage"},"image":{"@id":"https:\/\/workandstudy.al\/studio-ne-freie-universitat-berlin\/#primaryimage"},"thumbnailUrl":"https:\/\/workandstudy.al\/wp-content\/uploads\/2022\/05\/freie-universitat-berlin.jpg","datePublished":"2022-05-27T12:23:38+00:00","breadcrumb":{"@id":"https:\/\/workandstudy.al\/studio-ne-freie-universitat-berlin\/#breadcrumb"},"inLanguage":"sq","potentialAction":[{"@type":"ReadAction","target":["https:\/\/workandstudy.al\/studio-ne-freie-universitat-berlin\/"]}]},{"@type":"ImageObject","inLanguage":"sq","@id":"https:\/\/workandstudy.al\/studio-ne-freie-universitat-berlin\/#primaryimage","url":"https:\/\/workandstudy.al\/wp-content\/uploads\/2022\/05\/freie-universitat-berlin.jpg","contentUrl":"https:\/\/workandstudy.al\/wp-content\/uploads\/2022\/05\/freie-universitat-berlin.jpg","width":930,"height":619},{"@type":"BreadcrumbList","@id":"https:\/\/workandstudy.al\/studio-ne-freie-universitat-berlin\/#breadcrumb","itemListElement":[{"@type":"ListItem","position":1,"name":"Home","item":"https:\/\/workandstudy.al\/"},{"@type":"ListItem","position":2,"name":"STUDIO N\u00cb FREIE UNIVERSIT\u00c4T BERLIN"}]},{"@type":"WebSite","@id":"https:\/\/workandstudy.al\/#website","url":"https:\/\/workandstudy.al\/","name":"Work and Study - Part of Tik Agency Group","description":"","publisher":{"@id":"https:\/\/workandstudy.al\/#organization"},"potentialAction":[{"@type":"SearchAction","target":{"@type":"EntryPoint","urlTemplate":"https:\/\/workandstudy.al\/?s={search_term_string}"},"query-input":{"@type":"PropertyValueSpecification","valueRequired":true,"valueName":"search_term_string"}}],"inLanguage":"sq"},{"@type":"Organization","@id":"https:\/\/workandstudy.al\/#organization","name":"Work and Study - Part of Tik Agency Group","url":"https:\/\/workandstudy.al\/","logo":{"@type":"ImageObject","inLanguage":"sq","@id":"https:\/\/workandstudy.al\/#\/schema\/logo\/image\/","url":"https:\/\/workandstudy.al\/wp-content\/uploads\/2025\/03\/logo1.png","contentUrl":"https:\/\/workandstudy.al\/wp-content\/uploads\/2025\/03\/logo1.png","width":420,"height":420,"caption":"Work and Study - Part of Tik Agency Group"},"image":{"@id":"https:\/\/workandstudy.al\/#\/schema\/logo\/image\/"}}]}},"_links":{"self":[{"href":"https:\/\/workandstudy.al\/al\/wp-json\/wp\/v2\/pages\/5576","targetHints":{"allow":["GET"]}}],"collection":[{"href":"https:\/\/workandstudy.al\/al\/wp-json\/wp\/v2\/pages"}],"about":[{"href":"https:\/\/workandstudy.al\/al\/wp-json\/wp\/v2\/types\/page"}],"author":[{"embeddable":true,"href":"https:\/\/workandstudy.al\/al\/wp-json\/wp\/v2\/users\/1"}],"replies":[{"embeddable":true,"href":"https:\/\/workandstudy.al\/al\/wp-json\/wp\/v2\/comments?post=5576"}],"version-history":[{"count":1,"href":"https:\/\/workandstudy.al\/al\/wp-json\/wp\/v2\/pages\/5576\/revisions"}],"predecessor-version":[{"id":5579,"href":"https:\/\/workandstudy.al\/al\/wp-json\/wp\/v2\/pages\/5576\/revisions\/5579"}],"wp:featuredmedia":[{"embeddable":true,"href":"https:\/\/workandstudy.al\/al\/wp-json\/wp\/v2\/media\/5577"}],"wp:attachment":[{"href":"https:\/\/workandstudy.al\/al\/wp-json\/wp\/v2\/media?parent=5576"}],"curies":[{"name":"wp","href":"https:\/\/api.w.org\/{rel}","templated":true}]}}